{"id":15563,"date":"2025-09-06T03:10:13","date_gmt":"2025-09-06T03:10:13","guid":{"rendered":"https:\/\/www.aungwinter.com\/?post_type=product&#038;p=15563"},"modified":"2025-09-06T03:10:13","modified_gmt":"2025-09-06T03:10:13","slug":"bonnet-dhiver-en-acrylique-avec-pompon-en-fausse-fourrure-pour-femme-personnalisable","status":"publish","type":"product","link":"https:\/\/www.aungwinter.com\/fr\/product\/custom-ladies-acrylic-faux-fur-pom-pom-winter-ski-hat\/","title":{"rendered":"Bonnet d'hiver pour femme en acrylique et fausse fourrure avec pompon, personnalisable"},"content":{"rendered":"<table style=\"border-collapse: collapse; width: 403.52pt;\" border=\"0\" width=\"538\" cellspacing=\"0\" cellpadding=\"0\">\n<tbody>\n<tr style=\"height: 37.00pt;\">\n<td style=\"height: 37.00pt; width: 158.25pt;\" width=\"211\" height=\"49\">Style<\/td>\n<td class=\"et2\" style=\"width: 245.25pt;\" width=\"327\">Sports<\/td>\n<\/tr>\n<tr style=\"height: 37.00pt;\">\n<td style=\"height: 37.00pt;\" height=\"49\">Sc\u00e8ne applicable<\/td>\n<td class=\"et2\" style=\"width: 245.25pt;\" width=\"327\">Ext\u00e9rieur, Quotidien, D\u00e9contract\u00e9, Voyage<\/td>\n<\/tr>\n<tr style=\"height: 37.00pt;\">\n<td style=\"height: 37.00pt;\" height=\"49\">Caract\u00e9ristique du tissu<\/td>\n<td class=\"et2\" style=\"width: 245.25pt;\" width=\"327\">COMMON<\/td>\n<\/tr>\n<tr style=\"height: 37.00pt;\">\n<td style=\"height: 37.00pt;\" height=\"49\">M\u00e9thodes d'impression<\/td>\n<td class=\"et2\" style=\"width: 245.25pt;\" width=\"327\">Aucun<\/td>\n<\/tr>\n<tr style=\"height: 37.00pt;\">\n<td style=\"height: 37.00pt;\" height=\"49\">Tour de t\u00eate<\/td>\n<td class=\"et2\" style=\"width: 245.25pt;\" width=\"327\">56-58 cm<\/td>\n<\/tr>\n<tr style=\"height: 37.00pt;\">\n<td style=\"height: 37.00pt;\" height=\"49\">Type de motif<\/td>\n<td class=\"et2\" style=\"width: 245.25pt;\" width=\"327\">Autres, ray\u00e9s<\/td>\n<\/tr>\n<tr style=\"height: 37.00pt;\">\n<td style=\"height: 37.00pt;\" height=\"49\">Genre<\/td>\n<td class=\"et2\" style=\"width: 245.25pt;\" width=\"327\">Femmes<\/td>\n<\/tr>\n<tr style=\"height: 35.00pt;\">\n<td style=\"height: 35.00pt;\" height=\"46\">Tranche d'\u00e2ge<\/td>\n<td class=\"et2\" style=\"width: 245.25pt;\" width=\"327\">Adultes<\/td>\n<\/tr>\n<tr style=\"height: 37.00pt;\">\n<td style=\"height: 37.00pt;\" height=\"49\">Techniques<\/td>\n<td class=\"et2\" style=\"width: 245.25pt;\" width=\"327\">Broderie<\/td>\n<\/tr>\n<tr style=\"height: 37.00pt;\">\n<td style=\"height: 37.00pt;\" height=\"49\">Mat\u00e9riau<\/td>\n<td class=\"et2\" style=\"width: 245.25pt;\" width=\"327\">100% Acrylique<\/td>\n<\/tr>\n<tr style=\"height: 37.00pt;\">\n<td style=\"height: 37.00pt;\" height=\"49\">D\u00e9coration<\/td>\n<td class=\"et2\" style=\"width: 245.25pt;\" width=\"327\">autre<\/td>\n<\/tr>\n<tr style=\"height: 37.00pt;\">\n<td style=\"height: 37.00pt;\" height=\"49\">Num\u00e9ro de mod\u00e8le<\/td>\n<td class=\"et2\" style=\"width: 245.25pt;\" width=\"327\">BN000555<\/td>\n<\/tr>\n<tr style=\"height: 37.00pt;\">\n<td style=\"height: 37.00pt;\" height=\"49\">Lieu d'origine<\/td>\n<td class=\"et2\" style=\"width: 245.25pt;\" width=\"327\">Guangdong, Chine<\/td>\n<\/tr>\n<tr style=\"height: 37.00pt;\">\n<td style=\"height: 37.00pt;\" height=\"49\">Nom de marque<\/td>\n<td class=\"et2\" style=\"width: 245.25pt;\" width=\"327\">Aungwinter<\/td>\n<\/tr>\n<tr style=\"height: 37.00pt;\">\n<td style=\"height: 37.00pt;\" height=\"49\">Mots cl\u00e9s<\/td>\n<td class=\"et2\" style=\"width: 245.25pt;\" width=\"327\">Bonnets avec logo personnalis\u00e9<\/td>\n<\/tr>\n<tr style=\"height: 37.00pt;\">\n<td style=\"height: 37.00pt;\" height=\"49\">Utilisation<\/td>\n<td class=\"et2\" style=\"width: 245.25pt;\" width=\"327\">Activit\u00e9s de plein air, d\u00e9contract\u00e9es<\/td>\n<\/tr>\n<tr style=\"height: 37.00pt;\">\n<td style=\"height: 37.00pt;\" height=\"49\">Logo<\/td>\n<td class=\"et2\" style=\"width: 245.25pt;\" width=\"327\">Logo personnalis\u00e9<\/td>\n<\/tr>\n<tr style=\"height: 37.00pt;\">\n<td style=\"height: 37.00pt;\" height=\"49\">Couleur<\/td>\n<td class=\"et2\" style=\"width: 245.25pt;\" width=\"327\">Couleur personnalis\u00e9e<\/td>\n<\/tr>\n<tr style=\"height: 37.00pt;\">\n<td style=\"height: 37.00pt;\" height=\"49\">Taille<\/td>\n<td class=\"et2\" style=\"width: 245.25pt;\" width=\"327\">Taille adulte<\/td>\n<\/tr>\n<tr style=\"height: 37.00pt;\">\n<td style=\"height: 37.00pt;\" height=\"49\">Type de bonnet d'hiver<\/td>\n<td class=\"et2\" style=\"width: 245.25pt;\" width=\"327\">Bonnet \u00e0 revers<\/td>\n<\/tr>\n<\/tbody>\n<\/table>","protected":false},"excerpt":{"rendered":"<p>Ce bonnet de ski personnalis\u00e9 est confectionn\u00e9 dans un tricot acrylique chaud, doubl\u00e9 de fausse fourrure douce, orn\u00e9 d'un pompon ludique et dot\u00e9 d'oreillettes confortables pour pratiquer les sports d'hiver avec style ou le porter au quotidien.<\/p>","protected":false},"featured_media":15566,"template":"","meta":{"_seopress_robots_primary_cat":"none","_seopress_titles_title":"","_seopress_titles_desc":"","_seopress_robots_index":"","_gspb_post_css":"","_jf_limit_responses":"","_jet_sm_ready_style":"","_jet_sm_style":"","_jet_sm_controls_values":"","_jet_sm_fonts_collection":"","_jet_sm_fonts_links":""},"product_brand":[],"product_cat":[25],"product_tag":[],"hf_cat_product":[],"class_list":{"0":"post-15563","1":"product","2":"type-product","3":"status-publish","4":"has-post-thumbnail","6":"product_cat-pompom-beanies","8":"first","9":"instock","10":"shipping-taxable","11":"product-type-simple"},"_links":{"self":[{"href":"https:\/\/www.aungwinter.com\/fr\/wp-json\/wp\/v2\/product\/15563","targetHints":{"allow":["GET"]}}],"collection":[{"href":"https:\/\/www.aungwinter.com\/fr\/wp-json\/wp\/v2\/product"}],"about":[{"href":"https:\/\/www.aungwinter.com\/fr\/wp-json\/wp\/v2\/types\/product"}],"wp:featuredmedia":[{"embeddable":true,"href":"https:\/\/www.aungwinter.com\/fr\/wp-json\/wp\/v2\/media\/15566"}],"wp:attachment":[{"href":"https:\/\/www.aungwinter.com\/fr\/wp-json\/wp\/v2\/media?parent=15563"}],"wp:term":[{"taxonomy":"product_brand","embeddable":true,"href":"https:\/\/www.aungwinter.com\/fr\/wp-json\/wp\/v2\/product_brand?post=15563"},{"taxonomy":"product_cat","embeddable":true,"href":"https:\/\/www.aungwinter.com\/fr\/wp-json\/wp\/v2\/product_cat?post=15563"},{"taxonomy":"product_tag","embeddable":true,"href":"https:\/\/www.aungwinter.com\/fr\/wp-json\/wp\/v2\/product_tag?post=15563"},{"taxonomy":"hf_cat_product","embeddable":true,"href":"https:\/\/www.aungwinter.com\/fr\/wp-json\/wp\/v2\/hf_cat_product?post=15563"}],"curies":[{"name":"wp","href":"https:\/\/api.w.org\/{rel}","templated":true}]}}