{"id":15580,"date":"2025-10-22T22:56:49","date_gmt":"2025-10-22T22:56:49","guid":{"rendered":"https:\/\/www.aungwinter.com\/?post_type=product&#038;p=15580"},"modified":"2025-10-22T22:56:49","modified_gmt":"2025-10-22T22:56:49","slug":"bonnet-pompon-en-coton-tricote-personnalise","status":"publish","type":"product","link":"https:\/\/www.aungwinter.com\/fr\/product\/custom-fashion-cotton-knitted-pom-pom-beanie\/","title":{"rendered":"Bonnet pompon en coton tricot\u00e9 personnalis\u00e9"},"content":{"rendered":"<table width=\"538\">\n<tbody>\n<tr>\n<td width=\"211\">Style<\/td>\n<td width=\"327\">Style urbain<\/td>\n<\/tr>\n<tr>\n<td>Sc\u00e8ne applicable<\/td>\n<td width=\"327\">Sports, quotidien, plein air, d\u00e9contract\u00e9, etc.<\/td>\n<\/tr>\n<tr>\n<td>Caract\u00e9ristique du tissu<\/td>\n<td width=\"327\">COMMON<\/td>\n<\/tr>\n<tr>\n<td>M\u00e9thodes d'impression<\/td>\n<td width=\"327\">Autre<\/td>\n<\/tr>\n<tr>\n<td>Tour de t\u00eate<\/td>\n<td width=\"327\">56-58 cm<\/td>\n<\/tr>\n<tr>\n<td>D\u00e9tection d'aiguilles<\/td>\n<td width=\"327\">Oui<\/td>\n<\/tr>\n<tr>\n<td>Type de motif<\/td>\n<td width=\"327\">Personnage<\/td>\n<\/tr>\n<tr>\n<td>Genre<\/td>\n<td width=\"327\">Unisexe<\/td>\n<\/tr>\n<tr>\n<td>Tranche d'\u00e2ge<\/td>\n<td width=\"327\">Adultes<\/td>\n<\/tr>\n<tr>\n<td>Techniques<\/td>\n<td width=\"327\">Broderie \u00e0 la machine<\/td>\n<\/tr>\n<tr>\n<td>Mat\u00e9riau<\/td>\n<td width=\"327\">Coton<\/td>\n<\/tr>\n<tr>\n<td>D\u00e9coration<\/td>\n<td width=\"327\">autre<\/td>\n<\/tr>\n<tr>\n<td>Lieu d'origine<\/td>\n<td width=\"327\">Guangdong, Chine<\/td>\n<\/tr>\n<tr>\n<td>Service<\/td>\n<td width=\"327\">OEM\/ODM, Conception<\/td>\n<\/tr>\n<tr>\n<td>Petite commande<\/td>\n<td width=\"327\">25 pi\u00e8ces Style\/couleur<\/td>\n<\/tr>\n<tr>\n<td>Historique de l'entreprise<\/td>\n<td width=\"327\">25 ans d'histoire de l'usine<\/td>\n<\/tr>\n<tr>\n<td>Modes de transport<\/td>\n<td width=\"327\">DHL, FEDEX, UPS, EMS, ARMX, transport maritime, transport a\u00e9rien<\/td>\n<\/tr>\n<tr>\n<td>Type d'entreprise<\/td>\n<td width=\"327\">Fabrication<\/td>\n<\/tr>\n<tr>\n<td>Conception<\/td>\n<td width=\"327\">Conception gratuite<\/td>\n<\/tr>\n<tr>\n<td>Logo<\/td>\n<td width=\"327\">Logo brod\u00e9 ou personnalis\u00e9<\/td>\n<\/tr>\n<tr>\n<td>Couleur<\/td>\n<td width=\"327\">Couleurs personnalis\u00e9es<\/td>\n<\/tr>\n<\/tbody>\n<\/table>","protected":false},"excerpt":{"rendered":"<p>Ce bonnet personnalis\u00e9 est confectionn\u00e9 dans un tricot de coton doux, orn\u00e9 d'un pompon ludique sur le dessus et dot\u00e9 d'un design \u00e9l\u00e9gant pour un v\u00eatement d'hiver confortable et tendance.<\/p>","protected":false},"featured_media":15584,"template":"","meta":{"_seopress_robots_primary_cat":"none","_seopress_titles_title":"","_seopress_titles_desc":"","_seopress_robots_index":"","_gspb_post_css":"","_jf_limit_responses":"","_jet_sm_ready_style":"","_jet_sm_style":"","_jet_sm_controls_values":"","_jet_sm_fonts_collection":"","_jet_sm_fonts_links":""},"product_brand":[],"product_cat":[25],"product_tag":[],"hf_cat_product":[],"class_list":{"0":"post-15580","1":"product","2":"type-product","3":"status-publish","4":"has-post-thumbnail","6":"product_cat-pompom-beanies","8":"first","9":"instock","10":"shipping-taxable","11":"product-type-simple"},"_links":{"self":[{"href":"https:\/\/www.aungwinter.com\/fr\/wp-json\/wp\/v2\/product\/15580","targetHints":{"allow":["GET"]}}],"collection":[{"href":"https:\/\/www.aungwinter.com\/fr\/wp-json\/wp\/v2\/product"}],"about":[{"href":"https:\/\/www.aungwinter.com\/fr\/wp-json\/wp\/v2\/types\/product"}],"wp:featuredmedia":[{"embeddable":true,"href":"https:\/\/www.aungwinter.com\/fr\/wp-json\/wp\/v2\/media\/15584"}],"wp:attachment":[{"href":"https:\/\/www.aungwinter.com\/fr\/wp-json\/wp\/v2\/media?parent=15580"}],"wp:term":[{"taxonomy":"product_brand","embeddable":true,"href":"https:\/\/www.aungwinter.com\/fr\/wp-json\/wp\/v2\/product_brand?post=15580"},{"taxonomy":"product_cat","embeddable":true,"href":"https:\/\/www.aungwinter.com\/fr\/wp-json\/wp\/v2\/product_cat?post=15580"},{"taxonomy":"product_tag","embeddable":true,"href":"https:\/\/www.aungwinter.com\/fr\/wp-json\/wp\/v2\/product_tag?post=15580"},{"taxonomy":"hf_cat_product","embeddable":true,"href":"https:\/\/www.aungwinter.com\/fr\/wp-json\/wp\/v2\/hf_cat_product?post=15580"}],"curies":[{"name":"wp","href":"https:\/\/api.w.org\/{rel}","templated":true}]}}