{"id":16092,"date":"2025-12-10T03:01:02","date_gmt":"2025-12-10T03:01:02","guid":{"rendered":"https:\/\/www.aungwinter.com\/?post_type=product&#038;p=16092"},"modified":"2025-12-10T03:01:02","modified_gmt":"2025-12-10T03:01:02","slug":"bonnet-tricote-a-paillettes-en-strass-pour-femmes-mode-vente-en-gros","status":"publish","type":"product","link":"https:\/\/www.aungwinter.com\/fr\/product\/wholesale-fashion-womens-rhinestone-sparkle-knit-beanie\/","title":{"rendered":"Bonnet en tricot scintillant avec strass pour femmes, vente en gros"},"content":{"rendered":"<table width=\"780\">\n<tbody>\n<tr>\n<td width=\"272\">Mat\u00e9riau<\/td>\n<td width=\"508\">100% Acrylique<\/td>\n<\/tr>\n<tr>\n<td>Type de motif<\/td>\n<td width=\"508\">Dessin anim\u00e9, Camouflage, Personnage, \u00c0 carreaux, etc.<\/td>\n<\/tr>\n<tr>\n<td>Style<\/td>\n<td width=\"508\">Style urbain<\/td>\n<\/tr>\n<tr>\n<td>Sc\u00e8ne applicable<\/td>\n<td width=\"508\">En plein air, voyages, sports, quotidien<\/td>\n<\/tr>\n<tr>\n<td>Tour de t\u00eate<\/td>\n<td width=\"508\">56-58 cm<\/td>\n<\/tr>\n<tr>\n<td>Tranche d'\u00e2ge<\/td>\n<td width=\"508\">Adultes<\/td>\n<\/tr>\n<tr>\n<td>Genre<\/td>\n<td width=\"508\">Femme<\/td>\n<\/tr>\n<tr>\n<td>Techniques<\/td>\n<td width=\"508\">\u00a0Broderie \u00e0 la machine<\/td>\n<\/tr>\n<tr>\n<td>Caract\u00e9ristique du tissu<\/td>\n<td width=\"508\">COMMON<\/td>\n<\/tr>\n<tr>\n<td>D\u00e9tection d'aiguilles<\/td>\n<td>Non<\/td>\n<\/tr>\n<tr>\n<td>M\u00e9thodes d'impression<\/td>\n<td>Impression par transfert sublimatique, impression num\u00e9rique, aucune<\/td>\n<\/tr>\n<tr>\n<td>Num\u00e9ro de mod\u00e8le<\/td>\n<td>AWB255213<\/td>\n<\/tr>\n<tr>\n<td>Lieu d'origine<\/td>\n<td>Guangdong, Chine<\/td>\n<\/tr>\n<tr>\n<td>Nom de marque<\/td>\n<td>Aungwinter<\/td>\n<\/tr>\n<tr>\n<td>Couleur<\/td>\n<td>Personnalis\u00e9 \/ Noir \/ Rouge \/ Gris \/ Jaune \/ Beige \/ Rouge vin<\/td>\n<\/tr>\n<tr>\n<td>Tranche d'\u00e2ge<\/td>\n<td>Adultes, adolescents<\/td>\n<\/tr>\n<tr>\n<td>Tailles des bonnets<\/td>\n<td>23*23 cm \/ Personnalis\u00e9<\/td>\n<\/tr>\n<tr>\n<td>Logo et conception<\/td>\n<td>Personnalis\u00e9<\/td>\n<\/tr>\n<tr>\n<td>Tour de t\u00eate<\/td>\n<td>54-58 cm (21,26-22,83 pouces) \/ Sur mesure<\/td>\n<\/tr>\n<tr>\n<td>Utilisation<\/td>\n<td>D\u00e9contract\u00e9, Plein air, Rester au chaud, Voyage, Cadeaux, Promotions<\/td>\n<\/tr>\n<tr>\n<td>Saison<\/td>\n<td>Automne, hiver, temps froid<\/td>\n<\/tr>\n<tr>\n<td>Certificat<\/td>\n<td>ISO9001, SGS, EN71, California 65, CE, RoHS, REACH<\/td>\n<\/tr>\n<\/tbody>\n<\/table>","protected":false},"excerpt":{"rendered":"<p>Ce bonnet d'hiver pour femme est orn\u00e9 de strass scintillants qui lui conf\u00e8rent un look luxueux, \u00e9l\u00e9gant et accrocheur.<\/p>","protected":false},"featured_media":16095,"template":"","meta":{"_seopress_robots_primary_cat":"","_seopress_titles_title":"","_seopress_titles_desc":"","_seopress_robots_index":"","_gspb_post_css":"","_jf_limit_responses":"","_jet_sm_ready_style":"","_jet_sm_style":"","_jet_sm_controls_values":"","_jet_sm_fonts_collection":"","_jet_sm_fonts_links":""},"product_brand":[],"product_cat":[65],"product_tag":[],"hf_cat_product":[],"class_list":{"0":"post-16092","1":"product","2":"type-product","3":"status-publish","4":"has-post-thumbnail","6":"product_cat-cuffed-beanies","8":"first","9":"instock","10":"shipping-taxable","11":"product-type-simple"},"_links":{"self":[{"href":"https:\/\/www.aungwinter.com\/fr\/wp-json\/wp\/v2\/product\/16092","targetHints":{"allow":["GET"]}}],"collection":[{"href":"https:\/\/www.aungwinter.com\/fr\/wp-json\/wp\/v2\/product"}],"about":[{"href":"https:\/\/www.aungwinter.com\/fr\/wp-json\/wp\/v2\/types\/product"}],"wp:featuredmedia":[{"embeddable":true,"href":"https:\/\/www.aungwinter.com\/fr\/wp-json\/wp\/v2\/media\/16095"}],"wp:attachment":[{"href":"https:\/\/www.aungwinter.com\/fr\/wp-json\/wp\/v2\/media?parent=16092"}],"wp:term":[{"taxonomy":"product_brand","embeddable":true,"href":"https:\/\/www.aungwinter.com\/fr\/wp-json\/wp\/v2\/product_brand?post=16092"},{"taxonomy":"product_cat","embeddable":true,"href":"https:\/\/www.aungwinter.com\/fr\/wp-json\/wp\/v2\/product_cat?post=16092"},{"taxonomy":"product_tag","embeddable":true,"href":"https:\/\/www.aungwinter.com\/fr\/wp-json\/wp\/v2\/product_tag?post=16092"},{"taxonomy":"hf_cat_product","embeddable":true,"href":"https:\/\/www.aungwinter.com\/fr\/wp-json\/wp\/v2\/hf_cat_product?post=16092"}],"curies":[{"name":"wp","href":"https:\/\/api.w.org\/{rel}","templated":true}]}}