{"id":2119,"date":"2025-08-14T02:12:56","date_gmt":"2025-08-14T02:12:56","guid":{"rendered":"https:\/\/www.aungwinter.com\/?post_type=product&#038;p=2119"},"modified":"2025-09-03T00:39:59","modified_gmt":"2025-09-03T00:39:59","slug":"bonnet-a-revers-personnalise-en-acrylique-brode-avec-de-jolies-cornes","status":"publish","type":"product","link":"https:\/\/www.aungwinter.com\/fr\/product\/custom-acrylic-embroidery-cuffed-beanie-with-cute-horns\/","title":{"rendered":"Bonnet \u00e0 revers en acrylique personnalis\u00e9 avec broderie et cornes mignonnes"},"content":{"rendered":"<table width=\"651\">\n<tbody>\n<tr>\n<td width=\"234\">ID<\/td>\n<td width=\"417\">CB01<\/td>\n<\/tr>\n<tr>\n<td>Taille<\/td>\n<td width=\"417\">Adulte<\/td>\n<\/tr>\n<tr>\n<td>Style<\/td>\n<td width=\"417\">D\u00e9contract\u00e9 et tendance<\/td>\n<\/tr>\n<tr>\n<td>Couleur<\/td>\n<td width=\"417\">\u00a0Multicolore<\/td>\n<\/tr>\n<tr>\n<td>Quantit\u00e9 minimale de commande<\/td>\n<td width=\"417\">25 pi\u00e8ces\/style\/couleur<\/td>\n<\/tr>\n<tr>\n<td>Mat\u00e9riau<\/td>\n<td width=\"417\">100% Tissu acrylique<\/td>\n<\/tr>\n<tr>\n<td>Cr\u00e9ation de logo<\/td>\n<td width=\"417\">Broderie<\/td>\n<\/tr>\n<tr>\n<td>Exemple de temps<\/td>\n<td width=\"417\">3 \u00e0 7 jours pour le style classique ou standard<\/td>\n<\/tr>\n<tr>\n<td>Nom de marque<\/td>\n<td width=\"417\">Aungwinter<\/td>\n<\/tr>\n<tr>\n<td>Logo<\/td>\n<td width=\"417\">Logo personnalis\u00e9<\/td>\n<\/tr>\n<tr>\n<td>Tissu<\/td>\n<td width=\"417\">acrylique<\/td>\n<\/tr>\n<tr>\n<td>Manchette<\/td>\n<td width=\"417\">5 \u00e0 7 cm<\/td>\n<\/tr>\n<tr>\n<td>Temps d'\u00e9chantillonnage<\/td>\n<td width=\"417\">5 \u00e0 7 jours<\/td>\n<\/tr>\n<tr>\n<td>Paiement<\/td>\n<td width=\"417\">30 tonnes\/heure<\/td>\n<\/tr>\n<tr>\n<td>Conception<\/td>\n<td width=\"417\">Conceptions ODM<\/td>\n<\/tr>\n<tr>\n<td>Quantit\u00e9 minimale de commande<\/td>\n<td width=\"417\">50 pi\u00e8ces<\/td>\n<\/tr>\n<tr>\n<td>Motif<\/td>\n<td width=\"417\">tricot\u00e9<\/td>\n<\/tr>\n<\/tbody>\n<\/table>","protected":false},"excerpt":{"rendered":"<p>Le bonnet \u00e0 revers est orn\u00e9 de cornes 3D ludiques, d'un revers chaud et d'une broderie personnalis\u00e9e pour un look \u00e9l\u00e9gant et confortable.<\/p>","protected":false},"featured_media":2120,"template":"","meta":{"_seopress_robots_primary_cat":"none","_seopress_titles_title":"","_seopress_titles_desc":"","_seopress_robots_index":"","_gspb_post_css":"","_jf_limit_responses":"","_jet_sm_ready_style":"","_jet_sm_style":"","_jet_sm_controls_values":"","_jet_sm_fonts_collection":"","_jet_sm_fonts_links":""},"product_brand":[],"product_cat":[65],"product_tag":[],"hf_cat_product":[],"class_list":{"0":"post-2119","1":"product","2":"type-product","3":"status-publish","4":"has-post-thumbnail","6":"product_cat-cuffed-beanies","8":"first","9":"instock","10":"shipping-taxable","11":"product-type-simple"},"_links":{"self":[{"href":"https:\/\/www.aungwinter.com\/fr\/wp-json\/wp\/v2\/product\/2119","targetHints":{"allow":["GET"]}}],"collection":[{"href":"https:\/\/www.aungwinter.com\/fr\/wp-json\/wp\/v2\/product"}],"about":[{"href":"https:\/\/www.aungwinter.com\/fr\/wp-json\/wp\/v2\/types\/product"}],"wp:featuredmedia":[{"embeddable":true,"href":"https:\/\/www.aungwinter.com\/fr\/wp-json\/wp\/v2\/media\/2120"}],"wp:attachment":[{"href":"https:\/\/www.aungwinter.com\/fr\/wp-json\/wp\/v2\/media?parent=2119"}],"wp:term":[{"taxonomy":"product_brand","embeddable":true,"href":"https:\/\/www.aungwinter.com\/fr\/wp-json\/wp\/v2\/product_brand?post=2119"},{"taxonomy":"product_cat","embeddable":true,"href":"https:\/\/www.aungwinter.com\/fr\/wp-json\/wp\/v2\/product_cat?post=2119"},{"taxonomy":"product_tag","embeddable":true,"href":"https:\/\/www.aungwinter.com\/fr\/wp-json\/wp\/v2\/product_tag?post=2119"},{"taxonomy":"hf_cat_product","embeddable":true,"href":"https:\/\/www.aungwinter.com\/fr\/wp-json\/wp\/v2\/hf_cat_product?post=2119"}],"curies":[{"name":"wp","href":"https:\/\/api.w.org\/{rel}","templated":true}]}}