{"id":2436,"date":"2024-10-17T03:51:00","date_gmt":"2024-10-17T03:51:00","guid":{"rendered":"https:\/\/www.aungwinter.com\/?post_type=product&#038;p=2436"},"modified":"2025-09-01T03:22:13","modified_gmt":"2025-09-01T03:22:13","slug":"bonnet-dhiver-personnalise-en-acrylique-et-polaire-avec-logo-brode","status":"publish","type":"product","link":"https:\/\/www.aungwinter.com\/fr\/product\/custom-acrylic-and-fleece-winter-trapper-hat-with-patch-logo\/","title":{"rendered":"Chapeau d'hiver personnalis\u00e9 en acrylique et polaire avec logo brod\u00e9"},"content":{"rendered":"<table width=\"538\">\n<tbody>\n<tr>\n<td width=\"211\">Num\u00e9ro de mod\u00e8le<\/td>\n<td width=\"327\">WTH01<\/td>\n<\/tr>\n<tr>\n<td>Tranche d'\u00e2ge<\/td>\n<td width=\"327\">\u00a0Adulte<\/td>\n<\/tr>\n<tr>\n<td>Style<\/td>\n<td width=\"327\">Plein air et sports<\/td>\n<\/tr>\n<tr>\n<td>Quantit\u00e9 minimale de commande<\/td>\n<td width=\"327\">25 pi\u00e8ces\/style\/couleur<\/td>\n<\/tr>\n<tr>\n<td>Couleur<\/td>\n<td width=\"327\">Multicolore<\/td>\n<\/tr>\n<tr>\n<td>Mat\u00e9riau<\/td>\n<td width=\"327\">Acrylique et polaire<\/td>\n<\/tr>\n<tr>\n<td>Cr\u00e9ation de logo<\/td>\n<td width=\"327\">Correctif<\/td>\n<\/tr>\n<tr>\n<td>Exemple de temps<\/td>\n<td width=\"327\">3 \u00e0 7 jours pour le style classique ou standard<\/td>\n<\/tr>\n<tr>\n<td>D\u00e9lai de livraison pour une commande d'\u00e9chantillons de 7 jours<\/td>\n<td width=\"327\">Assistance<\/td>\n<\/tr>\n<tr>\n<td>Lieu d'origine<\/td>\n<td width=\"327\">Shenzhen, Chine<\/td>\n<\/tr>\n<tr>\n<td>Gendor<\/td>\n<td width=\"327\">Unix<\/td>\n<\/tr>\n<tr>\n<td>Nom de marque<\/td>\n<td width=\"327\">Aungwinter<\/td>\n<\/tr>\n<\/tbody>\n<\/table>","protected":false},"excerpt":{"rendered":"<p>Le chapeau Custom Trapper Hat combine un acrylique doux et une polaire chaude pour un confort hivernal ultime, un design trappeur classique pour une couverture totale et un logo brod\u00e9 pour une touche personnalis\u00e9e et \u00e9l\u00e9gante.<\/p>","protected":false},"featured_media":2440,"template":"","meta":{"_seopress_robots_primary_cat":"none","_seopress_titles_title":"","_seopress_titles_desc":"","_seopress_robots_index":"","_gspb_post_css":"","_jf_limit_responses":"","_jet_sm_ready_style":"","_jet_sm_style":"","_jet_sm_controls_values":"","_jet_sm_fonts_collection":"","_jet_sm_fonts_links":""},"product_brand":[],"product_cat":[31],"product_tag":[],"hf_cat_product":[],"class_list":{"0":"post-2436","1":"product","2":"type-product","3":"status-publish","4":"has-post-thumbnail","6":"product_cat-earflap-hats","8":"first","9":"instock","10":"shipping-taxable","11":"product-type-simple"},"_links":{"self":[{"href":"https:\/\/www.aungwinter.com\/fr\/wp-json\/wp\/v2\/product\/2436","targetHints":{"allow":["GET"]}}],"collection":[{"href":"https:\/\/www.aungwinter.com\/fr\/wp-json\/wp\/v2\/product"}],"about":[{"href":"https:\/\/www.aungwinter.com\/fr\/wp-json\/wp\/v2\/types\/product"}],"wp:featuredmedia":[{"embeddable":true,"href":"https:\/\/www.aungwinter.com\/fr\/wp-json\/wp\/v2\/media\/2440"}],"wp:attachment":[{"href":"https:\/\/www.aungwinter.com\/fr\/wp-json\/wp\/v2\/media?parent=2436"}],"wp:term":[{"taxonomy":"product_brand","embeddable":true,"href":"https:\/\/www.aungwinter.com\/fr\/wp-json\/wp\/v2\/product_brand?post=2436"},{"taxonomy":"product_cat","embeddable":true,"href":"https:\/\/www.aungwinter.com\/fr\/wp-json\/wp\/v2\/product_cat?post=2436"},{"taxonomy":"product_tag","embeddable":true,"href":"https:\/\/www.aungwinter.com\/fr\/wp-json\/wp\/v2\/product_tag?post=2436"},{"taxonomy":"hf_cat_product","embeddable":true,"href":"https:\/\/www.aungwinter.com\/fr\/wp-json\/wp\/v2\/hf_cat_product?post=2436"}],"curies":[{"name":"wp","href":"https:\/\/api.w.org\/{rel}","templated":true}]}}