{"id":9176,"date":"2025-07-06T08:49:31","date_gmt":"2025-07-06T08:49:31","guid":{"rendered":"https:\/\/www.aungwinter.com\/?post_type=product&#038;p=9176"},"modified":"2025-09-03T01:11:54","modified_gmt":"2025-09-03T01:11:54","slug":"etiquette-tissee-en-acrylique-et-coton-personnalisee-a-revers","status":"publish","type":"product","link":"https:\/\/www.aungwinter.com\/fr\/product\/custom-acrylic-and-cotton-knitted-woven-label-cuffed-bean\/","title":{"rendered":"\u00c9tiquette tiss\u00e9e en acrylique et coton tricot\u00e9 personnalis\u00e9e avec revers"},"content":{"rendered":"<table width=\"538\">\n<tbody>\n<tr>\n<td width=\"211\">ID :<\/td>\n<td width=\"327\">PB-FB0007<\/td>\n<\/tr>\n<tr>\n<td>Taille :<\/td>\n<td width=\"327\">Adulte<\/td>\n<\/tr>\n<tr>\n<td>Style :<\/td>\n<td width=\"327\">D\u00e9contract\u00e9 et tendance<\/td>\n<\/tr>\n<tr>\n<td>Quantit\u00e9 minimale de commande :<\/td>\n<td width=\"327\">25 pi\u00e8ces\/style\/couleur<\/td>\n<\/tr>\n<tr>\n<td>Couleur :<\/td>\n<td width=\"327\">Multicolore<\/td>\n<\/tr>\n<tr>\n<td>Mat\u00e9riau :<\/td>\n<td width=\"327\">Acrylique et coton<\/td>\n<\/tr>\n<tr>\n<td>Cr\u00e9ation de logo :<\/td>\n<td width=\"327\">\u00c9tiquette tiss\u00e9e<\/td>\n<\/tr>\n<tr>\n<td>Exemple de dur\u00e9e :<\/td>\n<td width=\"327\">\u00a03 \u00e0 7 jours pour le style classique ou standard<\/td>\n<\/tr>\n<tr>\n<td>Nom de marque<\/td>\n<td width=\"327\">Aungwinter<\/td>\n<\/tr>\n<tr>\n<td>Origine<\/td>\n<td width=\"327\">Shenzhen, Chine<\/td>\n<\/tr>\n<\/tbody>\n<\/table>","protected":false},"excerpt":{"rendered":"<p>Le bonnet est confectionn\u00e9 dans un m\u00e9lange doux d'acrylique et de coton pour plus de confort et de chaleur. Il pr\u00e9sente un design classique \u00e0 revers pour un ajustement s\u00fbr, une \u00e9tiquette tiss\u00e9e personnalisable pour le branding, une construction tricot\u00e9e durable et un style unisexe polyvalent.<\/p>","protected":false},"featured_media":9314,"template":"","meta":{"_seopress_robots_primary_cat":"none","_seopress_titles_title":"","_seopress_titles_desc":"","_seopress_robots_index":"","_gspb_post_css":"","_jf_limit_responses":"","_jet_sm_ready_style":"","_jet_sm_style":"","_jet_sm_controls_values":"","_jet_sm_fonts_collection":"","_jet_sm_fonts_links":""},"product_brand":[],"product_cat":[65],"product_tag":[],"hf_cat_product":[],"class_list":{"0":"post-9176","1":"product","2":"type-product","3":"status-publish","4":"has-post-thumbnail","6":"product_cat-cuffed-beanies","8":"first","9":"instock","10":"shipping-taxable","11":"product-type-simple"},"_links":{"self":[{"href":"https:\/\/www.aungwinter.com\/fr\/wp-json\/wp\/v2\/product\/9176","targetHints":{"allow":["GET"]}}],"collection":[{"href":"https:\/\/www.aungwinter.com\/fr\/wp-json\/wp\/v2\/product"}],"about":[{"href":"https:\/\/www.aungwinter.com\/fr\/wp-json\/wp\/v2\/types\/product"}],"wp:featuredmedia":[{"embeddable":true,"href":"https:\/\/www.aungwinter.com\/fr\/wp-json\/wp\/v2\/media\/9314"}],"wp:attachment":[{"href":"https:\/\/www.aungwinter.com\/fr\/wp-json\/wp\/v2\/media?parent=9176"}],"wp:term":[{"taxonomy":"product_brand","embeddable":true,"href":"https:\/\/www.aungwinter.com\/fr\/wp-json\/wp\/v2\/product_brand?post=9176"},{"taxonomy":"product_cat","embeddable":true,"href":"https:\/\/www.aungwinter.com\/fr\/wp-json\/wp\/v2\/product_cat?post=9176"},{"taxonomy":"product_tag","embeddable":true,"href":"https:\/\/www.aungwinter.com\/fr\/wp-json\/wp\/v2\/product_tag?post=9176"},{"taxonomy":"hf_cat_product","embeddable":true,"href":"https:\/\/www.aungwinter.com\/fr\/wp-json\/wp\/v2\/hf_cat_product?post=9176"}],"curies":[{"name":"wp","href":"https:\/\/api.w.org\/{rel}","templated":true}]}}