{"id":9401,"date":"2025-09-05T08:02:54","date_gmt":"2025-09-05T08:02:54","guid":{"rendered":"https:\/\/www.aungwinter.com\/?post_type=product&#038;p=9401"},"modified":"2025-09-05T08:02:54","modified_gmt":"2025-09-05T08:02:54","slug":"bonnet-personnalise-en-acrylique-arrondi-sans-revers","status":"publish","type":"product","link":"https:\/\/www.aungwinter.com\/fr\/product\/personalized-acrylic-rounded-plain-cuffless-beanie\/","title":{"rendered":"Bonnet personnalis\u00e9 en acrylique, arrondi, sans revers"},"content":{"rendered":"<table width=\"538\">\n<tbody>\n<tr>\n<td width=\"211\">Num\u00e9ro de mod\u00e8le<\/td>\n<td width=\"327\">SFA-230829-07<\/td>\n<\/tr>\n<tr>\n<td>Taille<\/td>\n<td width=\"327\">\u00a0Adulte<\/td>\n<\/tr>\n<tr>\n<td>Style<\/td>\n<td width=\"327\">D\u00e9contract\u00e9 et tendance<\/td>\n<\/tr>\n<tr>\n<td>Quantit\u00e9 minimale de commande<\/td>\n<td width=\"327\">25 pi\u00e8ces\/style\/couleur<\/td>\n<\/tr>\n<tr>\n<td>Couleur<\/td>\n<td width=\"327\">Multicolore<\/td>\n<\/tr>\n<tr>\n<td>Mat\u00e9riau<\/td>\n<td width=\"327\">Acrylique et coton<\/td>\n<\/tr>\n<tr>\n<td>Cr\u00e9ation de logo<\/td>\n<td width=\"327\">Personnalis\u00e9<\/td>\n<\/tr>\n<tr>\n<td>Exemple de temps<\/td>\n<td width=\"327\">3 \u00e0 7 jours pour le style classique ou standard<\/td>\n<\/tr>\n<tr>\n<td>D\u00e9lai de livraison pour une commande d'\u00e9chantillons de 7 jours<\/td>\n<td width=\"327\">Assistance<\/td>\n<\/tr>\n<tr>\n<td>Lieu d'origine<\/td>\n<td width=\"327\">Guangdong, Chine<\/td>\n<\/tr>\n<tr>\n<td>Nom de marque<\/td>\n<td width=\"327\">Aungwinter<\/td>\n<\/tr>\n<\/tbody>\n<\/table>","protected":false},"excerpt":{"rendered":"<p>Le bonnet personnalis\u00e9 est confectionn\u00e9 dans un tissu acrylique doux, pr\u00e9sente une forme arrondie et lisse, et arbore un design simple sans revers qui peut \u00eatre personnalis\u00e9 pour une touche unique.<\/p>","protected":false},"featured_media":9406,"template":"","meta":{"_seopress_robots_primary_cat":"none","_seopress_titles_title":"","_seopress_titles_desc":"","_seopress_robots_index":"","_gspb_post_css":"","_jf_limit_responses":"","_jet_sm_ready_style":"","_jet_sm_style":"","_jet_sm_controls_values":"","_jet_sm_fonts_collection":"","_jet_sm_fonts_links":""},"product_brand":[],"product_cat":[23],"product_tag":[],"hf_cat_product":[],"class_list":{"0":"post-9401","1":"product","2":"type-product","3":"status-publish","4":"has-post-thumbnail","6":"product_cat-cuffless-beanies","8":"first","9":"instock","10":"shipping-taxable","11":"product-type-simple"},"_links":{"self":[{"href":"https:\/\/www.aungwinter.com\/fr\/wp-json\/wp\/v2\/product\/9401","targetHints":{"allow":["GET"]}}],"collection":[{"href":"https:\/\/www.aungwinter.com\/fr\/wp-json\/wp\/v2\/product"}],"about":[{"href":"https:\/\/www.aungwinter.com\/fr\/wp-json\/wp\/v2\/types\/product"}],"wp:featuredmedia":[{"embeddable":true,"href":"https:\/\/www.aungwinter.com\/fr\/wp-json\/wp\/v2\/media\/9406"}],"wp:attachment":[{"href":"https:\/\/www.aungwinter.com\/fr\/wp-json\/wp\/v2\/media?parent=9401"}],"wp:term":[{"taxonomy":"product_brand","embeddable":true,"href":"https:\/\/www.aungwinter.com\/fr\/wp-json\/wp\/v2\/product_brand?post=9401"},{"taxonomy":"product_cat","embeddable":true,"href":"https:\/\/www.aungwinter.com\/fr\/wp-json\/wp\/v2\/product_cat?post=9401"},{"taxonomy":"product_tag","embeddable":true,"href":"https:\/\/www.aungwinter.com\/fr\/wp-json\/wp\/v2\/product_tag?post=9401"},{"taxonomy":"hf_cat_product","embeddable":true,"href":"https:\/\/www.aungwinter.com\/fr\/wp-json\/wp\/v2\/hf_cat_product?post=9401"}],"curies":[{"name":"wp","href":"https:\/\/api.w.org\/{rel}","templated":true}]}}