{"id":12794,"date":"2025-01-14T02:57:56","date_gmt":"2025-01-14T02:57:56","guid":{"rendered":"https:\/\/www.aungwinter.com\/?post_type=product&#038;p=12794"},"modified":"2025-01-14T03:14:40","modified_gmt":"2025-01-14T03:14:40","slug":"cappello-invernale-da-donna-in-maglia-a-coste-di-lana-con-logo-personalizzato","status":"publish","type":"product","link":"https:\/\/www.aungwinter.com\/it\/product\/fashion-womens-wool-ribbed-knit-winter-beanie-with-custom-logo\/","title":{"rendered":"Berretto invernale da donna in maglia a coste di lana con logo personalizzato"},"content":{"rendered":"<table style=\"border-collapse: collapse; width: 585.02pt;\" border=\"0\" width=\"780\" cellspacing=\"0\" cellpadding=\"0\">\n<tbody>\n<tr style=\"height: 33.00pt;\">\n<td class=\"et2\" style=\"height: 33.00pt; width: 204.00pt;\" width=\"272\" height=\"44\">Materiale<\/td>\n<td class=\"et3\" style=\"width: 381.00pt;\" width=\"508\">100% Lana<\/td>\n<\/tr>\n<tr style=\"height: 33.00pt;\">\n<td class=\"et2\" style=\"height: 33.00pt;\" height=\"44\">Tecniche<\/td>\n<td class=\"et3\" style=\"width: 381.00pt;\" width=\"508\">Nessuno, Vuoto, Semplice<\/td>\n<\/tr>\n<tr style=\"height: 33.00pt;\">\n<td class=\"et2\" style=\"height: 33.00pt;\" height=\"44\">Luogo di origine<\/td>\n<td class=\"et3\" style=\"width: 381.00pt;\" width=\"508\">Shenzhen, Cina<\/td>\n<\/tr>\n<tr style=\"height: 33.00pt;\">\n<td class=\"et2\" style=\"height: 33.00pt;\" height=\"44\">Metodi di stampa<\/td>\n<td class=\"et3\" style=\"width: 381.00pt;\" width=\"508\">Nessuno, Vuoto, Semplice<\/td>\n<\/tr>\n<tr style=\"height: 33.00pt;\">\n<td class=\"et2\" style=\"height: 33.00pt;\" height=\"44\">Genere<\/td>\n<td class=\"et3\" style=\"width: 381.00pt;\" width=\"508\">Unisex<\/td>\n<\/tr>\n<tr style=\"height: 33.00pt;\">\n<td class=\"et2\" style=\"height: 33.00pt;\" height=\"44\">Tipo di modello<\/td>\n<td class=\"et3\" style=\"width: 381.00pt;\" width=\"508\">Nessuno, Solido, A strisce<\/td>\n<\/tr>\n<tr style=\"height: 33.00pt;\">\n<td class=\"et2\" style=\"height: 33.00pt;\" height=\"44\">Scena applicabile<\/td>\n<td class=\"et3\" style=\"width: 381.00pt;\" width=\"508\">Spiaggia, Casual, Outdoor, Viaggi, Sport, Ciclismo, Shopping, Feste, Affari, Pesca, Sci, Uso domestico, Quotidiano, Viaggi<\/td>\n<\/tr>\n<tr style=\"height: 33.00pt;\">\n<td class=\"et2\" style=\"height: 33.00pt;\" height=\"44\">Nome del marchio<\/td>\n<td class=\"et3\" style=\"width: 381.00pt;\" width=\"508\">Aungwinter<\/td>\n<\/tr>\n<tr style=\"height: 33.00pt;\">\n<td class=\"et2\" style=\"height: 33.00pt;\" height=\"44\">Numero di modello<\/td>\n<td class=\"et3\" style=\"width: 381.00pt;\" width=\"508\">ABN0120<\/td>\n<\/tr>\n<tr style=\"height: 33.00pt;\">\n<td class=\"et2\" style=\"height: 33.00pt;\" height=\"44\">Caratteristiche del tessuto<\/td>\n<td class=\"et3\" style=\"width: 381.00pt;\" width=\"508\">COMUNE<\/td>\n<\/tr>\n<tr style=\"height: 33.00pt;\">\n<td class=\"et2\" style=\"height: 33.00pt;\" height=\"44\">Dimensioni<\/td>\n<td class=\"et3\" style=\"width: 381.00pt;\" width=\"508\">Dimensioni personalizzate<\/td>\n<\/tr>\n<tr style=\"height: 33.00pt;\">\n<td class=\"et2\" style=\"height: 33.00pt;\" height=\"44\">Fascia d'et\u00e0<\/td>\n<td class=\"et3\" style=\"width: 381.00pt;\" width=\"508\">Adulti<\/td>\n<\/tr>\n<tr style=\"height: 33.00pt;\">\n<td class=\"et2\" style=\"height: 33.00pt;\" height=\"44\">Stile<\/td>\n<td class=\"et3\" style=\"width: 381.00pt;\" width=\"508\">A strisce<\/td>\n<\/tr>\n<tr style=\"height: 33.00pt;\">\n<td class=\"et2\" style=\"height: 33.00pt;\" height=\"44\">Utilizzo<\/td>\n<td class=\"et3\" style=\"width: 381.00pt;\" width=\"508\">Tenersi al caldo<\/td>\n<\/tr>\n<tr style=\"height: 33.00pt;\">\n<td class=\"et2\" style=\"height: 33.00pt;\" height=\"44\">Progettazione<\/td>\n<td class=\"et3\" style=\"width: 381.00pt;\" width=\"508\">Progetti personalizzati<\/td>\n<\/tr>\n<tr style=\"height: 33.00pt;\">\n<td class=\"et2\" style=\"height: 33.00pt;\" height=\"44\">Certificati<\/td>\n<td class=\"et3\" style=\"width: 381.00pt;\" width=\"508\">BSCI, Intertek, SGS, TUV, GRS<\/td>\n<\/tr>\n<tr style=\"height: 33.00pt;\">\n<td class=\"et2\" style=\"height: 33.00pt;\" height=\"44\">Storia della fabbrica<\/td>\n<td class=\"et3\" style=\"width: 381.00pt;\" width=\"508\">18 anni di storia<\/td>\n<\/tr>\n<tr style=\"height: 33.00pt;\">\n<td class=\"et2\" style=\"height: 33.00pt;\" height=\"44\">Logo<\/td>\n<td class=\"et3\" style=\"width: 381.00pt;\" width=\"508\">Accetta logo personalizzato<\/td>\n<\/tr>\n<tr style=\"height: 33.00pt;\">\n<td class=\"et2\" style=\"height: 33.00pt;\" height=\"44\">Servizio<\/td>\n<td class=\"et3\" style=\"width: 381.00pt;\" width=\"508\">OEM\/ODM, Progettazione<\/td>\n<\/tr>\n<tr style=\"height: 33.00pt;\">\n<td style=\"height: 33.00pt;\" height=\"44\">Prezzo<\/td>\n<td>Prezzo di fabbrica competitivo<\/td>\n<\/tr>\n<tr style=\"height: 33.00pt;\">\n<td style=\"height: 33.00pt;\" height=\"44\">Tempo di campionamento<\/td>\n<td>3-7 giorni<\/td>\n<\/tr>\n<\/tbody>\n<\/table>","protected":false},"excerpt":{"rendered":"<p>Questo berretto in lana con logo personalizzato \u00e8 realizzato in morbida e calda lana, presenta un elegante design a maglia a coste per una vestibilit\u00e0 aderente e offre la possibilit\u00e0 di ricami personalizzati, rendendolo un accessorio ideale per il freddo, l'abbigliamento casual e il branding.<\/p>","protected":false},"featured_media":12800,"template":"","meta":{"_seopress_robots_primary_cat":"none","_seopress_titles_title":"","_seopress_titles_desc":"","_seopress_robots_index":"","_gspb_post_css":"","_jf_limit_responses":"","_jet_sm_ready_style":"","_jet_sm_style":"","_jet_sm_controls_values":"","_jet_sm_fonts_collection":"","_jet_sm_fonts_links":""},"product_brand":[],"product_cat":[65],"product_tag":[],"hf_cat_product":[],"class_list":{"0":"post-12794","1":"product","2":"type-product","3":"status-publish","4":"has-post-thumbnail","6":"product_cat-cuffed-beanies","8":"first","9":"instock","10":"shipping-taxable","11":"product-type-simple"},"_links":{"self":[{"href":"https:\/\/www.aungwinter.com\/it\/wp-json\/wp\/v2\/product\/12794","targetHints":{"allow":["GET"]}}],"collection":[{"href":"https:\/\/www.aungwinter.com\/it\/wp-json\/wp\/v2\/product"}],"about":[{"href":"https:\/\/www.aungwinter.com\/it\/wp-json\/wp\/v2\/types\/product"}],"wp:featuredmedia":[{"embeddable":true,"href":"https:\/\/www.aungwinter.com\/it\/wp-json\/wp\/v2\/media\/12800"}],"wp:attachment":[{"href":"https:\/\/www.aungwinter.com\/it\/wp-json\/wp\/v2\/media?parent=12794"}],"wp:term":[{"taxonomy":"product_brand","embeddable":true,"href":"https:\/\/www.aungwinter.com\/it\/wp-json\/wp\/v2\/product_brand?post=12794"},{"taxonomy":"product_cat","embeddable":true,"href":"https:\/\/www.aungwinter.com\/it\/wp-json\/wp\/v2\/product_cat?post=12794"},{"taxonomy":"product_tag","embeddable":true,"href":"https:\/\/www.aungwinter.com\/it\/wp-json\/wp\/v2\/product_tag?post=12794"},{"taxonomy":"hf_cat_product","embeddable":true,"href":"https:\/\/www.aungwinter.com\/it\/wp-json\/wp\/v2\/hf_cat_product?post=12794"}],"curies":[{"name":"wp","href":"https:\/\/api.w.org\/{rel}","templated":true}]}}