{"id":12903,"date":"2025-01-18T04:18:58","date_gmt":"2025-01-18T04:18:58","guid":{"rendered":"https:\/\/www.aungwinter.com\/?post_type=product&#038;p=12903"},"modified":"2025-01-18T04:24:35","modified_gmt":"2025-01-18T04:24:35","slug":"cappellino-da-baseball-invernale-in-pile-berbero-a-6-pannelli-con-logo-personalizzato","status":"publish","type":"product","link":"https:\/\/www.aungwinter.com\/it\/product\/6-pane-furry-berber-fleece-blank-winter-baseball-cap-with-custom-logo\/","title":{"rendered":"Cappellino da baseball invernale in pile berbero a 6 pannelli con logo personalizzato"},"content":{"rendered":"<table style=\"border-collapse: collapse; width: 585.02pt;\" border=\"0\" width=\"780\" cellspacing=\"0\" cellpadding=\"0\">\n<tbody>\n<tr style=\"height: 33.00pt;\">\n<td class=\"et2\" style=\"height: 33.00pt; width: 204.00pt;\" width=\"272\" height=\"44\">Stile pannello<\/td>\n<td class=\"et3\" style=\"width: 381.00pt;\" width=\"508\">Cappello a 6 pannelli<\/td>\n<\/tr>\n<tr style=\"height: 33.00pt;\">\n<td class=\"et2\" style=\"height: 33.00pt;\" height=\"44\">Materiale<\/td>\n<td class=\"et3\" style=\"width: 381.00pt;\" width=\"508\">pile berbero<\/td>\n<\/tr>\n<tr style=\"height: 33.00pt;\">\n<td class=\"et2\" style=\"height: 33.00pt;\" height=\"44\">Luogo di origine<\/td>\n<td class=\"et3\" style=\"width: 381.00pt;\" width=\"508\">Guangdong, Cina<\/td>\n<\/tr>\n<tr style=\"height: 24.00pt;\">\n<td class=\"et2\" style=\"height: 24.00pt;\" height=\"32\">Stile<\/td>\n<td class=\"et3\" style=\"width: 381.00pt;\" width=\"508\">Casual<\/td>\n<\/tr>\n<tr style=\"height: 33.00pt;\">\n<td class=\"et2\" style=\"height: 33.00pt;\" height=\"44\">Stagione applicabile<\/td>\n<td class=\"et3\" style=\"width: 381.00pt;\" width=\"508\">Quattro stagioni<\/td>\n<\/tr>\n<tr style=\"height: 33.00pt;\">\n<td class=\"et2\" style=\"height: 33.00pt;\" height=\"44\">Scena applicabile<\/td>\n<td class=\"et3\" style=\"width: 381.00pt;\" width=\"508\">Casual<\/td>\n<\/tr>\n<tr style=\"height: 33.00pt;\">\n<td class=\"et2\" style=\"height: 33.00pt;\" height=\"44\">Nome del marchio<\/td>\n<td class=\"et3\" style=\"width: 381.00pt;\" width=\"508\">Aungwinter<\/td>\n<\/tr>\n<tr style=\"height: 33.00pt;\">\n<td class=\"et2\" style=\"height: 33.00pt;\" height=\"44\">Numero di modello<\/td>\n<td class=\"et4\" style=\"width: 381.00pt;\" width=\"508\">AWB20220826<\/td>\n<\/tr>\n<tr style=\"height: 33.00pt;\">\n<td class=\"et2\" style=\"height: 33.00pt;\" height=\"44\">Caratteristiche del tessuto<\/td>\n<td class=\"et3\" style=\"width: 381.00pt;\" width=\"508\">COMUNE<\/td>\n<\/tr>\n<tr style=\"height: 33.00pt;\">\n<td class=\"et2\" style=\"height: 33.00pt;\" height=\"44\">Genere<\/td>\n<td class=\"et3\" style=\"width: 381.00pt;\" width=\"508\">Unisex<\/td>\n<\/tr>\n<tr style=\"height: 33.00pt;\">\n<td class=\"et2\" style=\"height: 33.00pt;\" height=\"44\">Fascia d'et\u00e0<\/td>\n<td class=\"et3\" style=\"width: 381.00pt;\" width=\"508\">Adulti<\/td>\n<\/tr>\n<tr style=\"height: 33.00pt;\">\n<td class=\"et2\" style=\"height: 33.00pt;\" height=\"44\">Tempo di campionamento<\/td>\n<td class=\"et3\" style=\"width: 381.00pt;\" width=\"508\">3-7 giorni<\/td>\n<\/tr>\n<tr style=\"height: 33.00pt;\">\n<td class=\"et2\" style=\"height: 33.00pt;\" height=\"44\">Tempi di consegna<\/td>\n<td class=\"et3\" style=\"width: 381.00pt;\" width=\"508\">15-20 giorni<\/td>\n<\/tr>\n<tr style=\"height: 33.00pt;\">\n<td class=\"et2\" style=\"height: 33.00pt;\" height=\"44\">Chiusura posteriore<\/td>\n<td class=\"et3\" style=\"width: 381.00pt;\" width=\"508\">Fibbia in metallo, anche personalizzata<\/td>\n<\/tr>\n<tr style=\"height: 33.00pt;\">\n<td class=\"et2\" style=\"height: 33.00pt;\" height=\"44\">Bordo<\/td>\n<td class=\"et3\" style=\"width: 381.00pt;\" width=\"508\">Tesa curva, anche personalizzata<\/td>\n<\/tr>\n<tr style=\"height: 33.00pt;\">\n<td style=\"height: 33.00pt;\" height=\"44\">Quantit\u00e0 minima ordinabile<\/td>\n<td>50 pezzi, campione da 1 pezzo accettato<\/td>\n<\/tr>\n<tr style=\"height: 33.00pt;\">\n<td style=\"height: 33.00pt;\" height=\"44\">Fascia antisudore<\/td>\n<td>100% Fascia antisudore in cotone + 6 cuciture<\/td>\n<\/tr>\n<tr style=\"height: 33.00pt;\">\n<td style=\"height: 33.00pt;\" height=\"44\">Certificato<\/td>\n<td>Certificazione BSCI e ISO9001<\/td>\n<\/tr>\n<\/tbody>\n<\/table>","protected":false},"excerpt":{"rendered":"<p>Questo cappellino da baseball invernale \u00e8 realizzato in morbido tessuto berber fleece isolante, presenta una struttura a sei pannelli per una vestibilit\u00e0 strutturata e offre la possibilit\u00e0 di personalizzarlo con un ricamo del logo, garantendo calore, stile e personalizzazione per le giornate pi\u00f9 fredde.<\/p>","protected":false},"featured_media":12906,"template":"","meta":{"_seopress_robots_primary_cat":"none","_seopress_titles_title":"","_seopress_titles_desc":"","_seopress_robots_index":"","_gspb_post_css":"","_jf_limit_responses":"","_jet_sm_ready_style":"","_jet_sm_style":"","_jet_sm_controls_values":"","_jet_sm_fonts_collection":"","_jet_sm_fonts_links":""},"product_brand":[],"product_cat":[69],"product_tag":[],"hf_cat_product":[],"class_list":{"0":"post-12903","1":"product","2":"type-product","3":"status-publish","4":"has-post-thumbnail","6":"product_cat-winter-baseabll-hats","8":"first","9":"instock","10":"shipping-taxable","11":"product-type-simple"},"_links":{"self":[{"href":"https:\/\/www.aungwinter.com\/it\/wp-json\/wp\/v2\/product\/12903","targetHints":{"allow":["GET"]}}],"collection":[{"href":"https:\/\/www.aungwinter.com\/it\/wp-json\/wp\/v2\/product"}],"about":[{"href":"https:\/\/www.aungwinter.com\/it\/wp-json\/wp\/v2\/types\/product"}],"wp:featuredmedia":[{"embeddable":true,"href":"https:\/\/www.aungwinter.com\/it\/wp-json\/wp\/v2\/media\/12906"}],"wp:attachment":[{"href":"https:\/\/www.aungwinter.com\/it\/wp-json\/wp\/v2\/media?parent=12903"}],"wp:term":[{"taxonomy":"product_brand","embeddable":true,"href":"https:\/\/www.aungwinter.com\/it\/wp-json\/wp\/v2\/product_brand?post=12903"},{"taxonomy":"product_cat","embeddable":true,"href":"https:\/\/www.aungwinter.com\/it\/wp-json\/wp\/v2\/product_cat?post=12903"},{"taxonomy":"product_tag","embeddable":true,"href":"https:\/\/www.aungwinter.com\/it\/wp-json\/wp\/v2\/product_tag?post=12903"},{"taxonomy":"hf_cat_product","embeddable":true,"href":"https:\/\/www.aungwinter.com\/it\/wp-json\/wp\/v2\/hf_cat_product?post=12903"}],"curies":[{"name":"wp","href":"https:\/\/api.w.org\/{rel}","templated":true}]}}