{"id":12975,"date":"2025-01-20T03:40:18","date_gmt":"2025-01-20T03:40:18","guid":{"rendered":"https:\/\/www.aungwinter.com\/?post_type=product&#038;p=12975"},"modified":"2025-01-20T03:46:40","modified_gmt":"2025-01-20T03:46:40","slug":"cappello-a-secchiello-reversibile-in-spugna-blu-navy-a-quadri-con-logo-ricamato-personalizzato","status":"publish","type":"product","link":"https:\/\/www.aungwinter.com\/it\/product\/custom-embroidered-logo-plain-plaid-navy-terry-cloth-reversible-bucket-hat\/","title":{"rendered":"Cappello a secchiello reversibile in spugna blu navy a quadri con logo ricamato personalizzato"},"content":{"rendered":"<table style=\"border-collapse: collapse; width: 585.02pt;\" border=\"0\" width=\"780\" cellspacing=\"0\" cellpadding=\"0\">\n<tbody>\n<tr style=\"height: 33.00pt;\">\n<td class=\"et3\" style=\"height: 33.00pt; width: 204.00pt;\" width=\"272\" height=\"44\">Tecniche<\/td>\n<td class=\"et4\" style=\"width: 381.00pt;\" width=\"508\">Ricamo a macchina, ricamo 3D<\/td>\n<\/tr>\n<tr style=\"height: 41.00pt;\">\n<td class=\"et3\" style=\"height: 41.00pt;\" height=\"54\">Materiale<\/td>\n<td class=\"et4\" style=\"width: 381.00pt;\" width=\"508\">Asciugamano in spugna<\/td>\n<\/tr>\n<tr style=\"height: 33.00pt;\">\n<td class=\"et3\" style=\"height: 33.00pt;\" height=\"44\">Metodi di stampa<\/td>\n<td class=\"et4\" style=\"width: 381.00pt;\" width=\"508\">Ricamato<\/td>\n<\/tr>\n<tr style=\"height: 33.00pt;\">\n<td class=\"et3\" style=\"height: 33.00pt;\" height=\"44\">Tipo di modello<\/td>\n<td class=\"et4\" style=\"width: 381.00pt;\" width=\"508\">Foglia, Lettera, Quadri<\/td>\n<\/tr>\n<tr style=\"height: 33.00pt;\">\n<td class=\"et3\" style=\"height: 33.00pt;\" height=\"44\">Tipo di tessuto<\/td>\n<td class=\"et4\" style=\"width: 381.00pt;\" width=\"508\">Tela, Denim, Velluto a coste, Spugna, Jersey, Velluto<\/td>\n<\/tr>\n<tr style=\"height: 24.00pt;\">\n<td class=\"et3\" style=\"height: 24.00pt;\" height=\"32\">Stile<\/td>\n<td class=\"et4\" style=\"width: 381.00pt;\" width=\"508\">Casual<\/td>\n<\/tr>\n<tr style=\"height: 36.00pt;\">\n<td class=\"et3\" style=\"height: 36.00pt;\" height=\"48\">Luogo di origine<\/td>\n<td class=\"et4\" style=\"width: 381.00pt;\" width=\"508\">Guangdong, Cina<\/td>\n<\/tr>\n<tr style=\"height: 33.00pt;\">\n<td class=\"et3\" style=\"height: 33.00pt;\" height=\"44\">Stagione applicabile<\/td>\n<td class=\"et4\" style=\"width: 381.00pt;\" width=\"508\">Quattro stagioni<\/td>\n<\/tr>\n<tr style=\"height: 33.00pt;\">\n<td class=\"et3\" style=\"height: 33.00pt;\" height=\"44\">Scena applicabile<\/td>\n<td class=\"et4\" style=\"width: 381.00pt;\" width=\"508\">Spiaggia, Casual, Outdoor, Viaggi, Sport, Ciclismo, Shopping, Pesca, Sci, Quotidiano, Viaggiare<\/td>\n<\/tr>\n<tr style=\"height: 33.00pt;\">\n<td class=\"et3\" style=\"height: 33.00pt;\" height=\"44\">Fascia d'et\u00e0<\/td>\n<td class=\"et4\" style=\"width: 381.00pt;\" width=\"508\">Adulti<\/td>\n<\/tr>\n<tr style=\"height: 33.00pt;\">\n<td class=\"et3\" style=\"height: 33.00pt;\" height=\"44\">Genere<\/td>\n<td class=\"et4\" style=\"width: 381.00pt;\" width=\"508\">Femmina<\/td>\n<\/tr>\n<tr style=\"height: 33.00pt;\">\n<td class=\"et3\" style=\"height: 33.00pt;\" height=\"44\">Nome del marchio<\/td>\n<td class=\"et4\" style=\"width: 381.00pt;\" width=\"508\">Aungwinter<\/td>\n<\/tr>\n<tr style=\"height: 33.00pt;\">\n<td class=\"et3\" style=\"height: 33.00pt;\" height=\"44\">Numero di modello<\/td>\n<td class=\"et4\" style=\"width: 381.00pt;\" width=\"508\">AWB J-003<\/td>\n<\/tr>\n<tr style=\"height: 33.00pt;\">\n<td class=\"et3\" style=\"height: 33.00pt;\" height=\"44\">Caratteristica<\/td>\n<td class=\"et4\" style=\"width: 381.00pt;\" width=\"508\">Abbigliamento quotidiano<\/td>\n<\/tr>\n<tr style=\"height: 33.00pt;\">\n<td class=\"et3\" style=\"height: 33.00pt;\" height=\"44\">Logo<\/td>\n<td class=\"et4\" style=\"width: 381.00pt;\" width=\"508\">Logo personalizzato<\/td>\n<\/tr>\n<tr style=\"height: 33.00pt;\">\n<td class=\"et3\" style=\"height: 33.00pt;\" height=\"44\">Colore<\/td>\n<td class=\"et4\" style=\"width: 381.00pt;\" width=\"508\">Colori personalizzati<\/td>\n<\/tr>\n<tr style=\"height: 33.00pt;\">\n<td class=\"et2\" style=\"height: 33.00pt;\" height=\"44\">Utilizzo<\/td>\n<td class=\"et2\">Daliy<\/td>\n<\/tr>\n<tr style=\"height: 33.00pt;\">\n<td class=\"et2\" style=\"height: 33.00pt;\" height=\"44\">Progettazione<\/td>\n<td class=\"et2\">Design personalizzato<\/td>\n<\/tr>\n<tr style=\"height: 33.00pt;\">\n<td class=\"et2\" style=\"height: 33.00pt;\" height=\"44\">Tipo<\/td>\n<td class=\"et2\">Copricapo per adulti<\/td>\n<\/tr>\n<tr style=\"height: 33.00pt;\">\n<td class=\"et2\" style=\"height: 33.00pt;\" height=\"44\">Imballaggio<\/td>\n<td class=\"et2\">Cartone<\/td>\n<\/tr>\n<tr style=\"height: 33.00pt;\">\n<td class=\"et2\" style=\"height: 33.00pt;\" height=\"44\">Caratteristica<\/td>\n<td class=\"et2\">Traspirante<\/td>\n<\/tr>\n<\/tbody>\n<\/table>","protected":false},"excerpt":{"rendered":"<p>Questo cappello a secchiello reversibile \u00e8 realizzato in morbido tessuto spugna assorbente, presenta un classico motivo scozzese blu navy e offre la possibilit\u00e0 di ricamare un logo personalizzato, garantendo comfort e versatilit\u00e0 per un look casual e outdoor.<\/p>","protected":false},"featured_media":12980,"template":"","meta":{"_seopress_robots_primary_cat":"none","_seopress_titles_title":"","_seopress_titles_desc":"","_seopress_robots_index":"","_gspb_post_css":"","_jf_limit_responses":"","_jet_sm_ready_style":"","_jet_sm_style":"","_jet_sm_controls_values":"","_jet_sm_fonts_collection":"","_jet_sm_fonts_links":""},"product_brand":[],"product_cat":[68],"product_tag":[],"hf_cat_product":[],"class_list":{"0":"post-12975","1":"product","2":"type-product","3":"status-publish","4":"has-post-thumbnail","6":"product_cat-winter-bucket-hats","8":"first","9":"instock","10":"shipping-taxable","11":"product-type-simple"},"_links":{"self":[{"href":"https:\/\/www.aungwinter.com\/it\/wp-json\/wp\/v2\/product\/12975","targetHints":{"allow":["GET"]}}],"collection":[{"href":"https:\/\/www.aungwinter.com\/it\/wp-json\/wp\/v2\/product"}],"about":[{"href":"https:\/\/www.aungwinter.com\/it\/wp-json\/wp\/v2\/types\/product"}],"wp:featuredmedia":[{"embeddable":true,"href":"https:\/\/www.aungwinter.com\/it\/wp-json\/wp\/v2\/media\/12980"}],"wp:attachment":[{"href":"https:\/\/www.aungwinter.com\/it\/wp-json\/wp\/v2\/media?parent=12975"}],"wp:term":[{"taxonomy":"product_brand","embeddable":true,"href":"https:\/\/www.aungwinter.com\/it\/wp-json\/wp\/v2\/product_brand?post=12975"},{"taxonomy":"product_cat","embeddable":true,"href":"https:\/\/www.aungwinter.com\/it\/wp-json\/wp\/v2\/product_cat?post=12975"},{"taxonomy":"product_tag","embeddable":true,"href":"https:\/\/www.aungwinter.com\/it\/wp-json\/wp\/v2\/product_tag?post=12975"},{"taxonomy":"hf_cat_product","embeddable":true,"href":"https:\/\/www.aungwinter.com\/it\/wp-json\/wp\/v2\/hf_cat_product?post=12975"}],"curies":[{"name":"wp","href":"https:\/\/api.w.org\/{rel}","templated":true}]}}