{"id":13193,"date":"2025-02-13T07:20:35","date_gmt":"2025-02-13T07:20:35","guid":{"rendered":"https:\/\/www.aungwinter.com\/?post_type=product&#038;p=13193"},"modified":"2025-02-13T07:27:55","modified_gmt":"2025-02-13T07:27:55","slug":"cappellino-da-baseball-invernale-personalizzato-con-ricamo-pelliccia-di-lana-e-pile-per-esterni","status":"publish","type":"product","link":"https:\/\/www.aungwinter.com\/it\/product\/custom-embroidery-wool-fur-outdoor-fleece-furry-winter-baseball-cap\/","title":{"rendered":"Cappellino da baseball invernale personalizzato con ricamo in lana e pelliccia sintetica"},"content":{"rendered":"<table style=\"border-collapse: collapse; width: 585.02pt;\" border=\"0\" width=\"780\" cellspacing=\"0\" cellpadding=\"0\">\n<tbody>\n<tr style=\"height: 33.00pt;\">\n<td class=\"et2\" style=\"height: 33.00pt; width: 204.00pt;\" width=\"272\" height=\"44\">Stile pannello<\/td>\n<td class=\"et3\" style=\"width: 381.00pt;\" width=\"508\">Cappello a 6 pannelli<\/td>\n<\/tr>\n<tr style=\"height: 33.00pt;\">\n<td class=\"et2\" style=\"height: 33.00pt;\" height=\"44\">Materiale<\/td>\n<td class=\"et3\" style=\"width: 381.00pt;\" width=\"508\">Cotone<\/td>\n<\/tr>\n<tr style=\"height: 33.00pt;\">\n<td class=\"et2\" style=\"height: 33.00pt;\" height=\"44\">Luogo di origine<\/td>\n<td class=\"et3\" style=\"width: 381.00pt;\" width=\"508\">Guangdong, Cina<\/td>\n<\/tr>\n<tr style=\"height: 33.00pt;\">\n<td class=\"et2\" style=\"height: 33.00pt;\" height=\"44\">Metodi di stampa<\/td>\n<td class=\"et3\" style=\"width: 381.00pt;\" width=\"508\">Stampa a trasferimento termico, Altro<\/td>\n<\/tr>\n<tr style=\"height: 33.00pt;\">\n<td class=\"et2\" style=\"height: 33.00pt;\" height=\"44\">Tecniche<\/td>\n<td class=\"et3\" style=\"width: 381.00pt;\" width=\"508\">Serigrafia, stampa a trasferimento termico<\/td>\n<\/tr>\n<tr style=\"height: 33.00pt;\">\n<td class=\"et2\" style=\"height: 33.00pt;\" height=\"44\">Stile<\/td>\n<td class=\"et3\" style=\"width: 381.00pt;\" width=\"508\">Carattere<\/td>\n<\/tr>\n<tr style=\"height: 33.00pt;\">\n<td class=\"et2\" style=\"height: 33.00pt;\" height=\"44\">Tipo di modello<\/td>\n<td class=\"et3\" style=\"width: 381.00pt;\" width=\"508\">Carattere<\/td>\n<\/tr>\n<tr style=\"height: 33.00pt;\">\n<td class=\"et2\" style=\"height: 33.00pt;\" height=\"44\">Stagione applicabile<\/td>\n<td class=\"et3\" style=\"width: 381.00pt;\" width=\"508\">Quattro stagioni<\/td>\n<\/tr>\n<tr style=\"height: 33.00pt;\">\n<td class=\"et2\" style=\"height: 33.00pt;\" height=\"44\">Tipo di tessuto<\/td>\n<td class=\"et3\" style=\"width: 381.00pt;\" width=\"508\">Altro<\/td>\n<\/tr>\n<tr style=\"height: 33.00pt;\">\n<td class=\"et2\" style=\"height: 33.00pt;\" height=\"44\">Scena applicabile<\/td>\n<td class=\"et3\" style=\"width: 381.00pt;\" width=\"508\">Sport<\/td>\n<\/tr>\n<tr style=\"height: 33.00pt;\">\n<td class=\"et2\" style=\"height: 33.00pt;\" height=\"44\">Nome del marchio<\/td>\n<td class=\"et3\" style=\"width: 381.00pt;\" width=\"508\">Aungwinter<\/td>\n<\/tr>\n<tr style=\"height: 33.00pt;\">\n<td class=\"et2\" style=\"height: 33.00pt;\" height=\"44\">Numero di modello<\/td>\n<td class=\"et3\" style=\"width: 381.00pt;\" width=\"508\">AWK009<\/td>\n<\/tr>\n<tr style=\"height: 33.00pt;\">\n<td class=\"et2\" style=\"height: 33.00pt;\" height=\"44\">Caratteristiche del tessuto<\/td>\n<td class=\"et3\" style=\"width: 381.00pt;\" width=\"508\">COMUNE<\/td>\n<\/tr>\n<tr style=\"height: 33.00pt;\">\n<td class=\"et2\" style=\"height: 33.00pt;\" height=\"44\">Genere<\/td>\n<td class=\"et3\" style=\"width: 381.00pt;\" width=\"508\">Unisex<\/td>\n<\/tr>\n<tr style=\"height: 33.00pt;\">\n<td class=\"et2\" style=\"height: 33.00pt;\" height=\"44\">Fascia d'et\u00e0<\/td>\n<td class=\"et3\" style=\"width: 381.00pt;\" width=\"508\">Adulti<\/td>\n<\/tr>\n<tr style=\"height: 33.00pt;\">\n<td style=\"height: 33.00pt;\" height=\"44\">Colore<\/td>\n<td>Personalizzato<\/td>\n<\/tr>\n<tr style=\"height: 33.00pt;\">\n<td style=\"height: 33.00pt;\" height=\"44\">Certificazione<\/td>\n<td>BSCI, CE<\/td>\n<\/tr>\n<\/tbody>\n<\/table>","protected":false},"excerpt":{"rendered":"<p>Il cappellino da baseball invernale \u00e8 realizzato in morbida lana e pelliccia, per garantire calore e comfort durante le attivit\u00e0 all'aperto nella stagione fredda, con ricami personalizzabili per un tocco di originalit\u00e0.<\/p>","protected":false},"featured_media":13196,"template":"","meta":{"_seopress_robots_primary_cat":"none","_seopress_titles_title":"","_seopress_titles_desc":"","_seopress_robots_index":"","_gspb_post_css":"","_jf_limit_responses":"","_jet_sm_ready_style":"","_jet_sm_style":"","_jet_sm_controls_values":"","_jet_sm_fonts_collection":"","_jet_sm_fonts_links":""},"product_brand":[],"product_cat":[69],"product_tag":[],"hf_cat_product":[],"class_list":{"0":"post-13193","1":"product","2":"type-product","3":"status-publish","4":"has-post-thumbnail","6":"product_cat-winter-baseabll-hats","8":"first","9":"instock","10":"shipping-taxable","11":"product-type-simple"},"_links":{"self":[{"href":"https:\/\/www.aungwinter.com\/it\/wp-json\/wp\/v2\/product\/13193","targetHints":{"allow":["GET"]}}],"collection":[{"href":"https:\/\/www.aungwinter.com\/it\/wp-json\/wp\/v2\/product"}],"about":[{"href":"https:\/\/www.aungwinter.com\/it\/wp-json\/wp\/v2\/types\/product"}],"wp:featuredmedia":[{"embeddable":true,"href":"https:\/\/www.aungwinter.com\/it\/wp-json\/wp\/v2\/media\/13196"}],"wp:attachment":[{"href":"https:\/\/www.aungwinter.com\/it\/wp-json\/wp\/v2\/media?parent=13193"}],"wp:term":[{"taxonomy":"product_brand","embeddable":true,"href":"https:\/\/www.aungwinter.com\/it\/wp-json\/wp\/v2\/product_brand?post=13193"},{"taxonomy":"product_cat","embeddable":true,"href":"https:\/\/www.aungwinter.com\/it\/wp-json\/wp\/v2\/product_cat?post=13193"},{"taxonomy":"product_tag","embeddable":true,"href":"https:\/\/www.aungwinter.com\/it\/wp-json\/wp\/v2\/product_tag?post=13193"},{"taxonomy":"hf_cat_product","embeddable":true,"href":"https:\/\/www.aungwinter.com\/it\/wp-json\/wp\/v2\/hf_cat_product?post=13193"}],"curies":[{"name":"wp","href":"https:\/\/api.w.org\/{rel}","templated":true}]}}