{"id":14292,"date":"2025-04-07T03:07:25","date_gmt":"2025-04-07T03:07:25","guid":{"rendered":"https:\/\/www.aungwinter.com\/?post_type=product&#038;p=14292"},"modified":"2025-04-07T03:11:09","modified_gmt":"2025-04-07T03:11:09","slug":"maschera-da-ciclismo-outdoor-in-poliestere-traspirante-e-antivento-passamontagna-invernale","status":"publish","type":"product","link":"https:\/\/www.aungwinter.com\/it\/product\/polyester-breathable-windproof-outdoor-cycling-mask-balaclava-in-winter\/","title":{"rendered":"Maschera da ciclismo outdoor in poliestere traspirante e antivento, passamontagna invernale"},"content":{"rendered":"<table style=\"border-collapse: collapse; width: 585.02pt;\" border=\"0\" width=\"780\" cellspacing=\"0\" cellpadding=\"0\">\n<tbody>\n<tr style=\"height: 33.00pt;\">\n<td class=\"et2\" style=\"height: 33.00pt; width: 204.00pt;\" width=\"272\" height=\"44\">Materiale<\/td>\n<td class=\"et3\" style=\"width: 381.00pt;\" width=\"508\">Poliestere<\/td>\n<\/tr>\n<tr style=\"height: 33.00pt;\">\n<td class=\"et2\" style=\"height: 33.00pt;\" height=\"44\">Stagione<\/td>\n<td class=\"et3\" style=\"width: 381.00pt;\" width=\"508\">Inverno<\/td>\n<\/tr>\n<tr style=\"height: 33.00pt;\">\n<td class=\"et2\" style=\"height: 33.00pt;\" height=\"44\">Persone interessate<\/td>\n<td class=\"et3\" style=\"width: 381.00pt;\" width=\"508\">Adulti<\/td>\n<\/tr>\n<tr style=\"height: 33.00pt;\">\n<td class=\"et2\" style=\"height: 33.00pt;\" height=\"44\">Caratteristiche<\/td>\n<td class=\"et3\" style=\"width: 381.00pt;\" width=\"508\">Traspirante<\/td>\n<\/tr>\n<tr style=\"height: 33.00pt;\">\n<td class=\"et2\" style=\"height: 33.00pt;\" height=\"44\">Luogo di origine<\/td>\n<td class=\"et3\" style=\"width: 381.00pt;\" width=\"508\">Guangdong, Cina<\/td>\n<\/tr>\n<tr style=\"height: 33.00pt;\">\n<td class=\"et2\" style=\"height: 33.00pt;\" height=\"44\">Nome del marchio<\/td>\n<td class=\"et3\" style=\"width: 381.00pt;\" width=\"508\">Aungwinter<\/td>\n<\/tr>\n<tr style=\"height: 33.00pt;\">\n<td class=\"et2\" style=\"height: 33.00pt;\" height=\"44\">Numero di modello<\/td>\n<td class=\"et3\" style=\"width: 381.00pt;\" width=\"508\">AWB988<\/td>\n<\/tr>\n<tr style=\"height: 33.00pt;\">\n<td class=\"et2\" style=\"height: 33.00pt;\" height=\"44\">Scena applicabile<\/td>\n<td class=\"et3\" style=\"width: 381.00pt;\" width=\"508\">All'aperto<\/td>\n<\/tr>\n<tr style=\"height: 33.00pt;\">\n<td class=\"et2\" style=\"height: 33.00pt;\" height=\"44\">Funzione<\/td>\n<td class=\"et3\" style=\"width: 381.00pt;\" width=\"508\">Caldo, antivento e resistente ai raggi solari<\/td>\n<\/tr>\n<tr style=\"height: 33.00pt;\">\n<td class=\"et2\" style=\"height: 33.00pt;\" height=\"44\">Applicazione<\/td>\n<td class=\"et3\" style=\"width: 381.00pt;\" width=\"508\">Sport all'aria aperta, Ciclismo, Corsa<\/td>\n<\/tr>\n<tr style=\"height: 33.00pt;\">\n<td class=\"et2\" style=\"height: 33.00pt;\" height=\"44\">OEM e ODM<\/td>\n<td class=\"et3\" style=\"width: 381.00pt;\" width=\"508\">OEM ODM accettato<\/td>\n<\/tr>\n<tr style=\"height: 33.00pt;\">\n<td class=\"et2\" style=\"height: 33.00pt;\" height=\"44\">lunghezza e larghezza<\/td>\n<td class=\"et3\" style=\"width: 381.00pt;\" width=\"508\">32*25<\/td>\n<\/tr>\n<tr style=\"height: 33.00pt;\">\n<td class=\"et2\" style=\"height: 33.00pt;\" height=\"44\">PESO<\/td>\n<td class=\"et3\" style=\"width: 381.00pt;\" width=\"508\">30 g<\/td>\n<\/tr>\n<tr style=\"height: 33.00pt;\">\n<td class=\"et2\" style=\"height: 33.00pt;\" height=\"44\">Colore<\/td>\n<td class=\"et3\" style=\"width: 381.00pt;\" width=\"508\">Colore personalizzato<\/td>\n<\/tr>\n<tr style=\"height: 33.00pt;\">\n<td class=\"et2\" style=\"height: 33.00pt;\" height=\"44\">Qualit\u00e0<\/td>\n<td class=\"et3\" style=\"width: 381.00pt;\" width=\"508\">Alta qualit\u00e0<\/td>\n<\/tr>\n<tr style=\"height: 33.00pt;\">\n<td style=\"height: 33.00pt;\" height=\"44\">Fascia d'et\u00e0<\/td>\n<td>Unisex<\/td>\n<\/tr>\n<tr style=\"height: 33.00pt;\">\n<td style=\"height: 33.00pt;\" height=\"44\">Unit\u00e0 di vendita:<\/td>\n<td>Articolo singolo<\/td>\n<\/tr>\n<tr style=\"height: 33.00pt;\">\n<td style=\"height: 33.00pt;\" height=\"44\">Confezione singola:<\/td>\n<td>38 x 25 x 11 cm<\/td>\n<\/tr>\n<tr style=\"height: 33.00pt;\">\n<td style=\"height: 33.00pt;\" height=\"44\">Peso lordo singolo:<\/td>\n<td>0,003 kg<\/td>\n<\/tr>\n<\/tbody>\n<\/table>","protected":false},"excerpt":{"rendered":"<p>Il passamontagna Mask \u00e8 progettato per garantire calore, traspirabilit\u00e0 e protezione dal vento e dal freddo durante le attivit\u00e0 invernali all'aperto, offrendo una vestibilit\u00e0 comoda e sicura per il ciclismo e altri sport.<\/p>","protected":false},"featured_media":14298,"template":"","meta":{"_seopress_robots_primary_cat":"none","_seopress_titles_title":"","_seopress_titles_desc":"","_seopress_robots_index":"","_gspb_post_css":"","_jf_limit_responses":"","_jet_sm_ready_style":"","_jet_sm_style":"","_jet_sm_controls_values":"","_jet_sm_fonts_collection":"","_jet_sm_fonts_links":""},"product_brand":[],"product_cat":[24],"product_tag":[],"hf_cat_product":[],"class_list":{"0":"post-14292","1":"product","2":"type-product","3":"status-publish","4":"has-post-thumbnail","6":"product_cat-balaclavas","8":"first","9":"instock","10":"shipping-taxable","11":"product-type-simple"},"_links":{"self":[{"href":"https:\/\/www.aungwinter.com\/it\/wp-json\/wp\/v2\/product\/14292","targetHints":{"allow":["GET"]}}],"collection":[{"href":"https:\/\/www.aungwinter.com\/it\/wp-json\/wp\/v2\/product"}],"about":[{"href":"https:\/\/www.aungwinter.com\/it\/wp-json\/wp\/v2\/types\/product"}],"wp:featuredmedia":[{"embeddable":true,"href":"https:\/\/www.aungwinter.com\/it\/wp-json\/wp\/v2\/media\/14298"}],"wp:attachment":[{"href":"https:\/\/www.aungwinter.com\/it\/wp-json\/wp\/v2\/media?parent=14292"}],"wp:term":[{"taxonomy":"product_brand","embeddable":true,"href":"https:\/\/www.aungwinter.com\/it\/wp-json\/wp\/v2\/product_brand?post=14292"},{"taxonomy":"product_cat","embeddable":true,"href":"https:\/\/www.aungwinter.com\/it\/wp-json\/wp\/v2\/product_cat?post=14292"},{"taxonomy":"product_tag","embeddable":true,"href":"https:\/\/www.aungwinter.com\/it\/wp-json\/wp\/v2\/product_tag?post=14292"},{"taxonomy":"hf_cat_product","embeddable":true,"href":"https:\/\/www.aungwinter.com\/it\/wp-json\/wp\/v2\/hf_cat_product?post=14292"}],"curies":[{"name":"wp","href":"https:\/\/api.w.org\/{rel}","templated":true}]}}