{"id":14388,"date":"2025-04-10T02:19:29","date_gmt":"2025-04-10T02:19:29","guid":{"rendered":"https:\/\/www.aungwinter.com\/?post_type=product&#038;p=14388"},"modified":"2025-04-10T02:25:11","modified_gmt":"2025-04-10T02:25:11","slug":"maschera-da-sci-in-maglia-acrilica-con-logo-personalizzato-e-ricamo-3-fori","status":"publish","type":"product","link":"https:\/\/www.aungwinter.com\/it\/product\/custom-logo-acrylic-knitted-embroidery-3-hole-ski-mask\/","title":{"rendered":"Maschera da sci in maglia acrilica con logo personalizzato e ricamo a 3 fori"},"content":{"rendered":"<table style=\"border-collapse: collapse; width: 585.02pt;\" border=\"0\" width=\"780\" cellspacing=\"0\" cellpadding=\"0\">\n<tbody>\n<tr style=\"height: 33.00pt;\">\n<td class=\"et2\" style=\"height: 33.00pt; width: 204.00pt;\" width=\"272\" height=\"44\">Materiale<\/td>\n<td class=\"et3\" style=\"width: 381.00pt;\" width=\"508\">fibre acriliche<\/td>\n<\/tr>\n<tr style=\"height: 33.00pt;\">\n<td class=\"et2\" style=\"height: 33.00pt;\" height=\"44\">Tecniche<\/td>\n<td class=\"et3\" style=\"width: 381.00pt;\" width=\"508\">Ricamo a mano<\/td>\n<\/tr>\n<tr style=\"height: 33.00pt;\">\n<td class=\"et2\" style=\"height: 33.00pt;\" height=\"44\">Circonferenza della testa<\/td>\n<td class=\"et3\" style=\"width: 381.00pt;\" width=\"508\">56-58 cm<\/td>\n<\/tr>\n<tr style=\"height: 33.00pt;\">\n<td class=\"et2\" style=\"height: 33.00pt;\" height=\"44\">Luogo di origine<\/td>\n<td class=\"et3\" style=\"width: 381.00pt;\" width=\"508\">Guangdong, Cina<\/td>\n<\/tr>\n<tr style=\"height: 33.00pt;\">\n<td class=\"et2\" style=\"height: 33.00pt;\" height=\"44\">Metodi di stampa<\/td>\n<td class=\"et3\" style=\"width: 381.00pt;\" width=\"508\">In rilievo<\/td>\n<\/tr>\n<tr style=\"height: 33.00pt;\">\n<td class=\"et2\" style=\"height: 33.00pt;\" height=\"44\">Scena applicabile<\/td>\n<td class=\"et3\" style=\"width: 381.00pt;\" width=\"508\">Sci, viaggi, attivit\u00e0 all'aperto, vita quotidiana, tempo libero, affari, pesca, ciclismo, viaggi<\/td>\n<\/tr>\n<tr style=\"height: 33.00pt;\">\n<td class=\"et2\" style=\"height: 33.00pt;\" height=\"44\">Nome del marchio<\/td>\n<td class=\"et3\" style=\"width: 381.00pt;\" width=\"508\">Aungwinter<\/td>\n<\/tr>\n<tr style=\"height: 33.00pt;\">\n<td class=\"et2\" style=\"height: 33.00pt;\" height=\"44\">Numero di modello<\/td>\n<td class=\"et3\" style=\"width: 381.00pt;\" width=\"508\">AWJ-144<\/td>\n<\/tr>\n<tr style=\"height: 33.00pt;\">\n<td class=\"et2\" style=\"height: 33.00pt;\" height=\"44\">Caratteristiche del tessuto<\/td>\n<td class=\"et3\" style=\"width: 381.00pt;\" width=\"508\">COMUNE<\/td>\n<\/tr>\n<tr style=\"height: 33.00pt;\">\n<td class=\"et2\" style=\"height: 33.00pt;\" height=\"44\">Genere<\/td>\n<td class=\"et3\" style=\"width: 381.00pt;\" width=\"508\">Maschio<\/td>\n<\/tr>\n<tr style=\"height: 33.00pt;\">\n<td style=\"height: 33.00pt;\" height=\"44\">Fascia d'et\u00e0<\/td>\n<td>Adulti<\/td>\n<\/tr>\n<tr style=\"height: 33.00pt;\">\n<td style=\"height: 33.00pt;\" height=\"44\">Nome del prodotto<\/td>\n<td>Maschera da sci lavorata a maglia<\/td>\n<\/tr>\n<tr style=\"height: 33.00pt;\">\n<td style=\"height: 33.00pt;\" height=\"44\">Logo<\/td>\n<td>Accetta logo personalizzato<\/td>\n<\/tr>\n<tr style=\"height: 33.00pt;\">\n<td style=\"height: 33.00pt;\" height=\"44\">Colore<\/td>\n<td>Colori personalizzati<\/td>\n<\/tr>\n<tr style=\"height: 33.00pt;\">\n<td style=\"height: 33.00pt;\" height=\"44\">Utilizzo<\/td>\n<td>Copricapo<\/td>\n<\/tr>\n<tr style=\"height: 33.00pt;\">\n<td style=\"height: 33.00pt;\" height=\"44\">Servizio<\/td>\n<td>Servizio OEM<\/td>\n<\/tr>\n<tr style=\"height: 33.00pt;\">\n<td style=\"height: 33.00pt;\" height=\"44\">Progettazione<\/td>\n<td>Design personalizzato<\/td>\n<\/tr>\n<tr style=\"height: 33.00pt;\">\n<td style=\"height: 33.00pt;\" height=\"44\">Stagione<\/td>\n<td>Inverno<\/td>\n<\/tr>\n<tr style=\"height: 33.00pt;\">\n<td style=\"height: 33.00pt;\" height=\"44\">Funzione<\/td>\n<td>Crema solare per sport all'aperto<\/td>\n<\/tr>\n<\/tbody>\n<\/table>","protected":false},"excerpt":{"rendered":"<p>La maschera da sci \u00e8 realizzata in morbido acrilico isolante, progettata con tre fori per garantire comfort e visibilit\u00e0, e presenta ricami personalizzabili per un tocco individuale, ideale per gli sport invernali e le attivit\u00e0 all'aria aperta.<\/p>","protected":false},"featured_media":14395,"template":"","meta":{"_seopress_robots_primary_cat":"none","_seopress_titles_title":"","_seopress_titles_desc":"","_seopress_robots_index":"","_gspb_post_css":"","_jf_limit_responses":"","_jet_sm_ready_style":"","_jet_sm_style":"","_jet_sm_controls_values":"","_jet_sm_fonts_collection":"","_jet_sm_fonts_links":""},"product_brand":[],"product_cat":[71],"product_tag":[],"hf_cat_product":[],"class_list":{"0":"post-14388","1":"product","2":"type-product","3":"status-publish","4":"has-post-thumbnail","6":"product_cat-ski-mask","8":"first","9":"instock","10":"shipping-taxable","11":"product-type-simple"},"_links":{"self":[{"href":"https:\/\/www.aungwinter.com\/it\/wp-json\/wp\/v2\/product\/14388","targetHints":{"allow":["GET"]}}],"collection":[{"href":"https:\/\/www.aungwinter.com\/it\/wp-json\/wp\/v2\/product"}],"about":[{"href":"https:\/\/www.aungwinter.com\/it\/wp-json\/wp\/v2\/types\/product"}],"wp:featuredmedia":[{"embeddable":true,"href":"https:\/\/www.aungwinter.com\/it\/wp-json\/wp\/v2\/media\/14395"}],"wp:attachment":[{"href":"https:\/\/www.aungwinter.com\/it\/wp-json\/wp\/v2\/media?parent=14388"}],"wp:term":[{"taxonomy":"product_brand","embeddable":true,"href":"https:\/\/www.aungwinter.com\/it\/wp-json\/wp\/v2\/product_brand?post=14388"},{"taxonomy":"product_cat","embeddable":true,"href":"https:\/\/www.aungwinter.com\/it\/wp-json\/wp\/v2\/product_cat?post=14388"},{"taxonomy":"product_tag","embeddable":true,"href":"https:\/\/www.aungwinter.com\/it\/wp-json\/wp\/v2\/product_tag?post=14388"},{"taxonomy":"hf_cat_product","embeddable":true,"href":"https:\/\/www.aungwinter.com\/it\/wp-json\/wp\/v2\/hf_cat_product?post=14388"}],"curies":[{"name":"wp","href":"https:\/\/api.w.org\/{rel}","templated":true}]}}