{"id":14408,"date":"2025-04-10T02:35:51","date_gmt":"2025-04-10T02:35:51","guid":{"rendered":"https:\/\/www.aungwinter.com\/?post_type=product&#038;p=14408"},"modified":"2025-04-10T02:42:05","modified_gmt":"2025-04-10T02:42:05","slug":"maschera-da-sci-personalizzata-in-maglia-ricamata-in-poliestere-a-tre-fori","status":"publish","type":"product","link":"https:\/\/www.aungwinter.com\/it\/product\/customized-three-holes-polyester-embroidery-knit-ski-mask\/","title":{"rendered":"Maschera da sci in maglia ricamata in poliestere con tre fori personalizzata"},"content":{"rendered":"<table style=\"border-collapse: collapse; width: 585.02pt;\" border=\"0\" width=\"780\" cellspacing=\"0\" cellpadding=\"0\">\n<tbody>\n<tr style=\"height: 33.00pt;\">\n<td class=\"et2\" style=\"height: 33.00pt; width: 204.00pt;\" width=\"272\" height=\"44\">Tecniche<\/td>\n<td class=\"et3\" style=\"width: 381.00pt;\" width=\"508\">Ricamo a macchina<\/td>\n<\/tr>\n<tr style=\"height: 33.00pt;\">\n<td class=\"et2\" style=\"height: 33.00pt;\" height=\"44\">Circonferenza della testa<\/td>\n<td class=\"et3\" style=\"width: 381.00pt;\" width=\"508\">Regolabile<\/td>\n<\/tr>\n<tr style=\"height: 33.00pt;\">\n<td class=\"et2\" style=\"height: 33.00pt;\" height=\"44\">Luogo di origine<\/td>\n<td class=\"et3\" style=\"width: 381.00pt;\" width=\"508\">Guangdong, Cina<\/td>\n<\/tr>\n<tr style=\"height: 33.00pt;\">\n<td class=\"et2\" style=\"height: 33.00pt;\" height=\"44\">Metodi di stampa<\/td>\n<td class=\"et3\" style=\"width: 381.00pt;\" width=\"508\">In rilievo<\/td>\n<\/tr>\n<tr style=\"height: 33.00pt;\">\n<td class=\"et2\" style=\"height: 33.00pt;\" height=\"44\">Scena applicabile<\/td>\n<td class=\"et3\" style=\"width: 381.00pt;\" width=\"508\">Sport, SCI, Attivit\u00e0 all'aperto, Pesca, Ciclismo<\/td>\n<\/tr>\n<tr style=\"height: 33.00pt;\">\n<td class=\"et2\" style=\"height: 33.00pt;\" height=\"44\">Nome del marchio<\/td>\n<td class=\"et3\" style=\"width: 381.00pt;\" width=\"508\">Aungwinter<\/td>\n<\/tr>\n<tr style=\"height: 33.00pt;\">\n<td class=\"et2\" style=\"height: 33.00pt;\" height=\"44\">Numero di modello<\/td>\n<td class=\"et3\" style=\"width: 381.00pt;\" width=\"508\">AWM-036<\/td>\n<\/tr>\n<tr style=\"height: 33.00pt;\">\n<td class=\"et2\" style=\"height: 33.00pt;\" height=\"44\">Caratteristiche del tessuto<\/td>\n<td class=\"et3\" style=\"width: 381.00pt;\" width=\"508\">COMUNE<\/td>\n<\/tr>\n<tr style=\"height: 33.00pt;\">\n<td style=\"height: 33.00pt;\" height=\"44\">Genere<\/td>\n<td>Unisex<\/td>\n<\/tr>\n<tr style=\"height: 33.00pt;\">\n<td style=\"height: 33.00pt;\" height=\"44\">Fascia d'et\u00e0<\/td>\n<td>Adulti<\/td>\n<\/tr>\n<tr style=\"height: 33.00pt;\">\n<td style=\"height: 33.00pt;\" height=\"44\">Stile<\/td>\n<td>peluche<\/td>\n<\/tr>\n<tr style=\"height: 33.00pt;\">\n<td style=\"height: 33.00pt;\" height=\"44\">Quantit\u00e0 minima ordinabile<\/td>\n<td>5 pezzi<\/td>\n<\/tr>\n<tr style=\"height: 33.00pt;\">\n<td style=\"height: 33.00pt;\" height=\"44\">Materiale<\/td>\n<td>Poliestere<\/td>\n<\/tr>\n<tr style=\"height: 33.00pt;\">\n<td style=\"height: 33.00pt;\" height=\"44\">Modello<\/td>\n<td>Stampato<\/td>\n<\/tr>\n<tr style=\"height: 33.00pt;\">\n<td style=\"height: 33.00pt;\" height=\"44\">Unit\u00e0 di vendita:<\/td>\n<td>Articolo singolo<\/td>\n<\/tr>\n<tr style=\"height: 33.00pt;\">\n<td style=\"height: 33.00pt;\" height=\"44\">Confezione singola:<\/td>\n<td>20 x 15 x 3 cm<\/td>\n<\/tr>\n<tr style=\"height: 33.00pt;\">\n<td style=\"height: 33.00pt;\" height=\"44\">Peso lordo singolo:<\/td>\n<td>0,350 kg<\/td>\n<\/tr>\n<\/tbody>\n<\/table>","protected":false},"excerpt":{"rendered":"<p>Questa maschera da sci \u00e8 realizzata in poliestere traspirante, progettata con tre fori per migliorare il comfort e la visibilit\u00e0, e presenta ricami personalizzati, offrendo una soluzione personalizzata e funzionale per lo sci e le attivit\u00e0 all'aperto.<\/p>","protected":false},"featured_media":14416,"template":"","meta":{"_seopress_robots_primary_cat":"none","_seopress_titles_title":"","_seopress_titles_desc":"","_seopress_robots_index":"","_gspb_post_css":"","_jf_limit_responses":"","_jet_sm_ready_style":"","_jet_sm_style":"","_jet_sm_controls_values":"","_jet_sm_fonts_collection":"","_jet_sm_fonts_links":""},"product_brand":[],"product_cat":[71],"product_tag":[],"hf_cat_product":[],"class_list":{"0":"post-14408","1":"product","2":"type-product","3":"status-publish","4":"has-post-thumbnail","6":"product_cat-ski-mask","8":"first","9":"instock","10":"shipping-taxable","11":"product-type-simple"},"_links":{"self":[{"href":"https:\/\/www.aungwinter.com\/it\/wp-json\/wp\/v2\/product\/14408","targetHints":{"allow":["GET"]}}],"collection":[{"href":"https:\/\/www.aungwinter.com\/it\/wp-json\/wp\/v2\/product"}],"about":[{"href":"https:\/\/www.aungwinter.com\/it\/wp-json\/wp\/v2\/types\/product"}],"wp:featuredmedia":[{"embeddable":true,"href":"https:\/\/www.aungwinter.com\/it\/wp-json\/wp\/v2\/media\/14416"}],"wp:attachment":[{"href":"https:\/\/www.aungwinter.com\/it\/wp-json\/wp\/v2\/media?parent=14408"}],"wp:term":[{"taxonomy":"product_brand","embeddable":true,"href":"https:\/\/www.aungwinter.com\/it\/wp-json\/wp\/v2\/product_brand?post=14408"},{"taxonomy":"product_cat","embeddable":true,"href":"https:\/\/www.aungwinter.com\/it\/wp-json\/wp\/v2\/product_cat?post=14408"},{"taxonomy":"product_tag","embeddable":true,"href":"https:\/\/www.aungwinter.com\/it\/wp-json\/wp\/v2\/product_tag?post=14408"},{"taxonomy":"hf_cat_product","embeddable":true,"href":"https:\/\/www.aungwinter.com\/it\/wp-json\/wp\/v2\/hf_cat_product?post=14408"}],"curies":[{"name":"wp","href":"https:\/\/api.w.org\/{rel}","templated":true}]}}