{"id":2451,"date":"2025-09-04T02:10:35","date_gmt":"2025-09-04T02:10:35","guid":{"rendered":"https:\/\/www.aungwinter.com\/?post_type=product&#038;p=2451"},"modified":"2025-09-04T02:10:35","modified_gmt":"2025-09-04T02:10:35","slug":"maschera-da-sci-personalizzata-in-acrilico-e-pile-con-cappuccio-tinta-unita-mimetica-invernale","status":"publish","type":"product","link":"https:\/\/www.aungwinter.com\/it\/product\/personalized-acrylic-and-fleece-winter-camo-plain-hooded-ski-mask\/","title":{"rendered":"Maschera da sci personalizzata in acrilico e pile, con cappuccio, mimetica invernale\/tinta unita"},"content":{"rendered":"<table style=\"border-collapse: collapse; width: 403.52pt;\" border=\"0\" width=\"538\" cellspacing=\"0\" cellpadding=\"0\">\n<tbody>\n<tr style=\"height: 37.00pt;\">\n<td style=\"height: 37.00pt; width: 158.25pt;\" width=\"211\" height=\"49\">Numero di modello<\/td>\n<td class=\"et2\" style=\"width: 245.25pt;\" width=\"327\">WSM01<\/td>\n<\/tr>\n<tr style=\"height: 37.00pt;\">\n<td style=\"height: 37.00pt;\" height=\"49\">Fascia d'et\u00e0<\/td>\n<td class=\"et2\" style=\"width: 245.25pt;\" width=\"327\">Adulto<\/td>\n<\/tr>\n<tr style=\"height: 37.00pt;\">\n<td style=\"height: 37.00pt;\" height=\"49\">Scena applicabile<\/td>\n<td class=\"et2\" style=\"width: 245.25pt;\" width=\"327\">Viaggi, attivit\u00e0 all'aperto, sport ecc.<\/td>\n<\/tr>\n<tr style=\"height: 37.00pt;\">\n<td style=\"height: 37.00pt;\" height=\"49\">Quantit\u00e0 minima ordinabile<\/td>\n<td class=\"et2\" style=\"width: 245.25pt;\" width=\"327\">25 pezzi\/modello\/colore<\/td>\n<\/tr>\n<tr style=\"height: 37.00pt;\">\n<td style=\"height: 37.00pt;\" height=\"49\">Colore<\/td>\n<td class=\"et2\" style=\"width: 245.25pt;\" width=\"327\">Multicolore<\/td>\n<\/tr>\n<tr style=\"height: 37.00pt;\">\n<td style=\"height: 37.00pt;\" height=\"49\">Genere<\/td>\n<td class=\"et2\" style=\"width: 245.25pt;\" width=\"327\">Unisex<\/td>\n<\/tr>\n<tr style=\"height: 37.00pt;\">\n<td style=\"height: 37.00pt;\" height=\"49\">Materiale<\/td>\n<td class=\"et2\" style=\"width: 245.25pt;\" width=\"327\">Acrilico e pile<\/td>\n<\/tr>\n<tr style=\"height: 35.00pt;\">\n<td style=\"height: 35.00pt;\" height=\"46\">Logo Craft<\/td>\n<td class=\"et2\" style=\"width: 245.25pt;\" width=\"327\">Personalizzato<\/td>\n<\/tr>\n<tr style=\"height: 37.00pt;\">\n<td style=\"height: 37.00pt;\" height=\"49\">Tempo campione<\/td>\n<td class=\"et2\" style=\"width: 245.25pt;\" width=\"327\">3-7 giorni per lo stile classico o standard<\/td>\n<\/tr>\n<tr style=\"height: 37.00pt;\">\n<td style=\"height: 37.00pt;\" height=\"49\">Luogo di origine<\/td>\n<td class=\"et2\" style=\"width: 245.25pt;\" width=\"327\">Shenzhen, Cina<\/td>\n<\/tr>\n<tr style=\"height: 37.00pt;\">\n<td style=\"height: 37.00pt;\" height=\"49\">Nome del marchio<\/td>\n<td class=\"et2\" style=\"width: 245.25pt;\" width=\"327\">Aungwinter<\/td>\n<\/tr>\n<tr style=\"height: 37.00pt;\">\n<td style=\"height: 37.00pt;\" height=\"49\">Stagione<\/td>\n<td class=\"et2\" style=\"width: 245.25pt;\" width=\"327\">Inverno, Autunno, Primavera<\/td>\n<\/tr>\n<tr style=\"height: 37.00pt;\">\n<td style=\"height: 37.00pt;\" height=\"49\">Servizio<\/td>\n<td class=\"et2\" style=\"width: 245.25pt;\" width=\"327\">OEM ODM personalizzato<\/td>\n<\/tr>\n<tr style=\"height: 37.00pt;\">\n<td style=\"height: 37.00pt;\" height=\"49\">Imballaggio<\/td>\n<td class=\"et2\" style=\"width: 245.25pt;\" width=\"327\">1 pezzo\/sacchetto opp<\/td>\n<\/tr>\n<tr style=\"height: 37.00pt;\">\n<td style=\"height: 37.00pt;\" height=\"49\">Etichetta<\/td>\n<td class=\"et2\" style=\"width: 245.25pt;\" width=\"327\">Etichetta privata<\/td>\n<\/tr>\n<\/tbody>\n<\/table>","protected":false},"excerpt":{"rendered":"<p>La maschera da sci \u00e8 realizzata in un caldo misto acrilico e pile, ha un design con cappuccio che copre completamente la testa e il viso ed \u00e8 disponibile in versione mimetica o tinta unita con possibilit\u00e0 di personalizzazione.<\/p>","protected":false},"featured_media":2456,"template":"","meta":{"_seopress_robots_primary_cat":"none","_seopress_titles_title":"","_seopress_titles_desc":"","_seopress_robots_index":"","_gspb_post_css":"","_jf_limit_responses":"","_jet_sm_ready_style":"","_jet_sm_style":"","_jet_sm_controls_values":"","_jet_sm_fonts_collection":"","_jet_sm_fonts_links":""},"product_brand":[],"product_cat":[71],"product_tag":[],"hf_cat_product":[],"class_list":{"0":"post-2451","1":"product","2":"type-product","3":"status-publish","4":"has-post-thumbnail","6":"product_cat-ski-mask","8":"first","9":"instock","10":"shipping-taxable","11":"product-type-simple"},"_links":{"self":[{"href":"https:\/\/www.aungwinter.com\/it\/wp-json\/wp\/v2\/product\/2451","targetHints":{"allow":["GET"]}}],"collection":[{"href":"https:\/\/www.aungwinter.com\/it\/wp-json\/wp\/v2\/product"}],"about":[{"href":"https:\/\/www.aungwinter.com\/it\/wp-json\/wp\/v2\/types\/product"}],"wp:featuredmedia":[{"embeddable":true,"href":"https:\/\/www.aungwinter.com\/it\/wp-json\/wp\/v2\/media\/2456"}],"wp:attachment":[{"href":"https:\/\/www.aungwinter.com\/it\/wp-json\/wp\/v2\/media?parent=2451"}],"wp:term":[{"taxonomy":"product_brand","embeddable":true,"href":"https:\/\/www.aungwinter.com\/it\/wp-json\/wp\/v2\/product_brand?post=2451"},{"taxonomy":"product_cat","embeddable":true,"href":"https:\/\/www.aungwinter.com\/it\/wp-json\/wp\/v2\/product_cat?post=2451"},{"taxonomy":"product_tag","embeddable":true,"href":"https:\/\/www.aungwinter.com\/it\/wp-json\/wp\/v2\/product_tag?post=2451"},{"taxonomy":"hf_cat_product","embeddable":true,"href":"https:\/\/www.aungwinter.com\/it\/wp-json\/wp\/v2\/hf_cat_product?post=2451"}],"curies":[{"name":"wp","href":"https:\/\/api.w.org\/{rel}","templated":true}]}}